{"id":12784,"date":"2026-02-04T09:59:36","date_gmt":"2026-02-04T09:59:36","guid":{"rendered":"https:\/\/cycling-boutique.com\/?post_type=product&#038;p=12784"},"modified":"2026-04-07T04:39:56","modified_gmt":"2026-04-07T04:39:56","slug":"enve-ses-4-5","status":"publish","type":"product","link":"https:\/\/cycling-boutique.com\/?product=enve-ses-4-5","title":{"rendered":"ENVE SES 4.5"},"content":{"rendered":"<h2 data-start=\"170\" data-end=\"212\">ENVE SES 4.5 \u2013 pr\u0119dko\u015b\u0107 bez kompromis\u00f3w<\/h2>\n<p data-start=\"214\" data-end=\"693\">Je\u015bli liczy si\u0119 maksymalna pr\u0119dko\u015b\u0107 niezale\u017cnie od nawierzchni i warunk\u00f3w, ENVE SES 4.5 to wyb\u00f3r oczywisty. Zestaw k\u00f3\u0142 stworzony z my\u015bl\u0105 o legendarnych brukach Pary\u017c\u2013Roubaix i zmiennych wiatrach, od pocz\u0105tku projektowany by\u0142 pod szerokie opony i realne warunki wy\u015bcigowe. To w\u0142a\u015bnie SES 4.5 wyznaczy\u0142o nowy standard w aerodynamice dla k\u00f3\u0142 o du\u017cej obj\u0119to\u015bci ogumienia.<br data-start=\"581\" data-end=\"584\" \/>Najnowsza generacja zosta\u0142a gruntownie udoskonalona \u2014 jest l\u017cejsza, szybsza i jeszcze bardziej wszechstronna.<\/p>\n<h2 data-start=\"700\" data-end=\"717\">Kluczowe cechy<\/h2>\n<ul data-start=\"719\" data-end=\"936\">\n<li data-start=\"719\" data-end=\"756\">\n<p data-start=\"721\" data-end=\"756\">Masa zestawu: <strong data-start=\"735\" data-end=\"754\">1432 g (+\/- 2%)<\/strong><\/p>\n<\/li>\n<li data-start=\"757\" data-end=\"800\">\n<p data-start=\"759\" data-end=\"800\">Szeroko\u015b\u0107 wewn\u0119trzna obr\u0119czy: <strong data-start=\"789\" data-end=\"798\">25 mm<\/strong><\/p>\n<\/li>\n<li data-start=\"801\" data-end=\"849\">\n<p data-start=\"803\" data-end=\"849\">Optymalny rozmiar opony (aero): <strong data-start=\"835\" data-end=\"847\">27\u201328 mm<\/strong><\/p>\n<\/li>\n<li data-start=\"850\" data-end=\"888\">\n<p data-start=\"852\" data-end=\"888\">Minimalny rozmiar opony: <strong data-start=\"877\" data-end=\"886\">27 mm<\/strong><\/p>\n<\/li>\n<li data-start=\"889\" data-end=\"936\">\n<p data-start=\"891\" data-end=\"936\">Konstrukcja wy\u0142\u0105cznie pod system <strong data-start=\"924\" data-end=\"936\">tubeless<\/strong><\/p>\n<\/li>\n<\/ul>\n<h2 data-start=\"943\" data-end=\"969\">Specyfikacja techniczna<\/h2>\n<ul data-start=\"971\" data-end=\"1211\">\n<li data-start=\"971\" data-end=\"1025\">\n<p data-start=\"973\" data-end=\"1025\"><strong data-start=\"973\" data-end=\"984\">Piasty:<\/strong> ENVE INNERDRIVE\u2122 Premium Straight-Pull<\/p>\n<\/li>\n<li data-start=\"1026\" data-end=\"1069\">\n<p data-start=\"1028\" data-end=\"1069\"><strong data-start=\"1028\" data-end=\"1035\">O\u015b:<\/strong> prz\u00f3d 12\u00d7100 mm | ty\u0142 12\u00d7142 mm<\/p>\n<\/li>\n<li data-start=\"1070\" data-end=\"1095\">\n<p data-start=\"1072\" data-end=\"1095\"><strong data-start=\"1072\" data-end=\"1088\">Rozmiar k\u00f3\u0142:<\/strong> 700c<\/p>\n<\/li>\n<li data-start=\"1096\" data-end=\"1175\">\n<p data-start=\"1098\" data-end=\"1175\"><strong data-start=\"1098\" data-end=\"1110\">Hamulce:<\/strong> tarczowe, Centerlock (pier\u015bcienie nie wchodz\u0105 w sk\u0142ad zestawu)<\/p>\n<\/li>\n<li data-start=\"1176\" data-end=\"1211\">\n<p data-start=\"1178\" data-end=\"1211\"><strong data-start=\"1178\" data-end=\"1196\">Kolor grafiki:<\/strong> bia\u0142e naklejki<\/p>\n<\/li>\n<\/ul>\n<h2 data-start=\"1218\" data-end=\"1238\">Parametry obr\u0119czy<\/h2>\n<p data-start=\"1240\" data-end=\"1251\"><strong data-start=\"1240\" data-end=\"1249\">Prz\u00f3d<\/strong><\/p>\n<ul data-start=\"1252\" data-end=\"1379\">\n<li data-start=\"1252\" data-end=\"1279\">\n<p data-start=\"1254\" data-end=\"1279\">Wysoko\u015b\u0107 profilu: 50 mm<\/p>\n<\/li>\n<li data-start=\"1280\" data-end=\"1311\">\n<p data-start=\"1282\" data-end=\"1311\">Szeroko\u015b\u0107 wewn\u0119trzna: 25 mm<\/p>\n<\/li>\n<li data-start=\"1312\" data-end=\"1343\">\n<p data-start=\"1314\" data-end=\"1343\">Szeroko\u015b\u0107 zewn\u0119trzna: 32 mm<\/p>\n<\/li>\n<li data-start=\"1344\" data-end=\"1366\">\n<p data-start=\"1346\" data-end=\"1366\">Liczba otwor\u00f3w: 24<\/p>\n<\/li>\n<li data-start=\"1367\" data-end=\"1379\">\n<p data-start=\"1369\" data-end=\"1379\">ERD: 558<\/p>\n<\/li>\n<\/ul>\n<p data-start=\"1381\" data-end=\"1390\"><strong data-start=\"1381\" data-end=\"1388\">Ty\u0142<\/strong><\/p>\n<ul data-start=\"1391\" data-end=\"1518\">\n<li data-start=\"1391\" data-end=\"1418\">\n<p data-start=\"1393\" data-end=\"1418\">Wysoko\u015b\u0107 profilu: 56 mm<\/p>\n<\/li>\n<li data-start=\"1419\" data-end=\"1450\">\n<p data-start=\"1421\" data-end=\"1450\">Szeroko\u015b\u0107 wewn\u0119trzna: 25 mm<\/p>\n<\/li>\n<li data-start=\"1451\" data-end=\"1482\">\n<p data-start=\"1453\" data-end=\"1482\">Szeroko\u015b\u0107 zewn\u0119trzna: 32 mm<\/p>\n<\/li>\n<li data-start=\"1483\" data-end=\"1505\">\n<p data-start=\"1485\" data-end=\"1505\">Liczba otwor\u00f3w: 24<\/p>\n<\/li>\n<li data-start=\"1506\" data-end=\"1518\">\n<p data-start=\"1508\" data-end=\"1518\">ERD: 547<\/p>\n<\/li>\n<\/ul>\n<h2 data-start=\"1525\" data-end=\"1551\">Optymalizacja pod opony<\/h2>\n<ul data-start=\"1553\" data-end=\"1770\">\n<li data-start=\"1553\" data-end=\"1604\">\n<p data-start=\"1555\" data-end=\"1604\">Rekomendowany rozmiar opony tubeless: <strong data-start=\"1593\" data-end=\"1602\">27 mm<\/strong><\/p>\n<\/li>\n<li data-start=\"1605\" data-end=\"1643\">\n<p data-start=\"1607\" data-end=\"1643\">Minimalny rozmiar opony: <strong data-start=\"1632\" data-end=\"1641\">27 mm<\/strong><\/p>\n<\/li>\n<li data-start=\"1644\" data-end=\"1698\">\n<p data-start=\"1646\" data-end=\"1698\">Maksymalne ci\u015bnienie (27 mm): <strong data-start=\"1676\" data-end=\"1696\">80 psi \/ 5,5 bar<\/strong><\/p>\n<\/li>\n<li data-start=\"1699\" data-end=\"1732\">\n<p data-start=\"1701\" data-end=\"1732\">Typ opony: <strong data-start=\"1712\" data-end=\"1730\">Tubeless Ready<\/strong><\/p>\n<\/li>\n<li data-start=\"1733\" data-end=\"1770\">\n<p data-start=\"1735\" data-end=\"1770\">Zalecana szeroko\u015b\u0107 ta\u015bmy: <strong data-start=\"1761\" data-end=\"1770\">29 mm<\/strong><\/p>\n<\/li>\n<\/ul>\n<h2 data-start=\"1777\" data-end=\"1800\">Technologie i zalety<\/h2>\n<ul data-start=\"1802\" data-end=\"2568\">\n<li data-start=\"1802\" data-end=\"1943\">\n<p data-start=\"1804\" data-end=\"1943\">Zr\u00f3\u017cnicowany profil obr\u0119czy (50 mm prz\u00f3d \/ 56 mm ty\u0142) zapewnia idealny balans mi\u0119dzy aerodynamik\u0105, nisk\u0105 mas\u0105 i stabilno\u015bci\u0105 prowadzenia.<\/p>\n<\/li>\n<li data-start=\"1944\" data-end=\"2087\">\n<p data-start=\"1946\" data-end=\"2087\"><strong data-start=\"1946\" data-end=\"1968\">Wide Hookless Bead<\/strong> \u2013 wi\u0119ksza odporno\u015b\u0107 na uszkodzenia, mo\u017cliwo\u015b\u0107 jazdy na ni\u017cszym ci\u015bnieniu i doskona\u0142a wsp\u00f3\u0142praca z szerokimi oponami.<\/p>\n<\/li>\n<li data-start=\"2088\" data-end=\"2184\">\n<p data-start=\"2090\" data-end=\"2184\">Pe\u0142na konstrukcja karbonowa zoptymalizowana pod system bezd\u0119tkowy i wysok\u0105 sztywno\u015b\u0107 boczn\u0105.<\/p>\n<\/li>\n<li data-start=\"2185\" data-end=\"2286\">\n<p data-start=\"2187\" data-end=\"2286\">Piasty <strong data-start=\"2194\" data-end=\"2214\">ENVE INNERDRIVE\u2122<\/strong> \u2013 b\u0142yskawiczne zaz\u0119bianie, wysoka trwa\u0142o\u015b\u0107 i \u0142atwa obs\u0142uga serwisowa.<\/p>\n<\/li>\n<li data-start=\"2287\" data-end=\"2376\">\n<p data-start=\"2289\" data-end=\"2376\">Wyj\u0105tkowa stabilno\u015b\u0107 przy bocznym wietrze dzi\u0119ki zoptymalizowanemu profilowi obr\u0119czy.<\/p>\n<\/li>\n<li data-start=\"2377\" data-end=\"2486\">\n<p data-start=\"2379\" data-end=\"2486\">Wszechstronno\u015b\u0107 bez granic \u2013 od wy\u015bcig\u00f3w World Tour, przez g\u00f3rskie etapy, po szuter i codzienne treningi.<\/p>\n<\/li>\n<li data-start=\"2487\" data-end=\"2568\">\n<p data-start=\"2489\" data-end=\"2568\">Przeprojektowana konstrukcja obni\u017caj\u0105ca wag\u0119 bez utraty sztywno\u015bci i szybko\u015bci.<\/p>\n<\/li>\n<\/ul>\n<hr data-start=\"2570\" data-end=\"2573\" \/>\n<h2 data-start=\"2575\" data-end=\"2590\">Podsumowanie<\/h2>\n<p data-start=\"2592\" data-end=\"2945\">ENVE SES 4.5 to nowoczesna definicja szybkich k\u00f3\u0142 szosowych. \u0141\u0105cz\u0105 aerodynamik\u0119, stabilno\u015b\u0107 i komfort jazdy na szerokich oponach, oferuj\u0105c wydajno\u015b\u0107 na najwy\u017cszym poziomie w ka\u017cdych warunkach. To zestaw dla kolarzy, kt\u00f3rzy nie uznaj\u0105 kompromis\u00f3w \u2014 niezale\u017cnie od tego, czy \u015bcigaj\u0105 si\u0119, trenuj\u0105, czy szukaj\u0105 absolutnie najlepszego sprz\u0119tu na ka\u017cd\u0105 tras\u0119.<\/p>\n","protected":false},"excerpt":{"rendered":"<h2 data-start=\"174\" data-end=\"195\">ENVE SES 4.5<\/h2>\n<p data-start=\"196\" data-end=\"237\"><strong data-start=\"196\" data-end=\"237\">Wy\u015bcigowy komplet k\u00f3\u0142 bez kompromis\u00f3w<\/strong><\/p>\n","protected":false},"featured_media":12785,"comment_status":"open","ping_status":"closed","template":"","meta":{"inline_featured_image":false},"product_cat":[80,172,90],"product_tag":[],"class_list":{"0":"post-12784","1":"product","2":"type-product","3":"status-publish","4":"has-post-thumbnail","6":"product_cat-czesci","7":"product_cat-enve","8":"product_cat-kola","10":"first","11":"onbackorder","12":"taxable","13":"shipping-taxable","14":"purchasable","15":"product-type-simple"},"_links":{"self":[{"href":"https:\/\/cycling-boutique.com\/index.php?rest_route=\/wp\/v2\/product\/12784","targetHints":{"allow":["GET"]}}],"collection":[{"href":"https:\/\/cycling-boutique.com\/index.php?rest_route=\/wp\/v2\/product"}],"about":[{"href":"https:\/\/cycling-boutique.com\/index.php?rest_route=\/wp\/v2\/types\/product"}],"replies":[{"embeddable":true,"href":"https:\/\/cycling-boutique.com\/index.php?rest_route=%2Fwp%2Fv2%2Fcomments&post=12784"}],"wp:featuredmedia":[{"embeddable":true,"href":"https:\/\/cycling-boutique.com\/index.php?rest_route=\/wp\/v2\/media\/12785"}],"wp:attachment":[{"href":"https:\/\/cycling-boutique.com\/index.php?rest_route=%2Fwp%2Fv2%2Fmedia&parent=12784"}],"wp:term":[{"taxonomy":"product_cat","embeddable":true,"href":"https:\/\/cycling-boutique.com\/index.php?rest_route=%2Fwp%2Fv2%2Fproduct_cat&post=12784"},{"taxonomy":"product_tag","embeddable":true,"href":"https:\/\/cycling-boutique.com\/index.php?rest_route=%2Fwp%2Fv2%2Fproduct_tag&post=12784"}],"curies":[{"name":"wp","href":"https:\/\/api.w.org\/{rel}","templated":true}]}}