{"id":12883,"date":"2026-02-09T12:42:18","date_gmt":"2026-02-09T12:42:18","guid":{"rendered":"https:\/\/cycling-boutique.com\/?post_type=product&#038;p=12883"},"modified":"2026-02-09T12:42:18","modified_gmt":"2026-02-09T12:42:18","slug":"okladziny-absoluteblack-disc-brake-pad-34","status":"publish","type":"product","link":"https:\/\/cycling-boutique.com\/?product=okladziny-absoluteblack-disc-brake-pad-34","title":{"rendered":"Ok\u0142adziny Absoluteblack Disc Brake Pad 34"},"content":{"rendered":"<h2 data-start=\"235\" data-end=\"252\">GRAPHENpads\u00ae<\/h2>\n<h3 data-start=\"253\" data-end=\"294\">Nowa era jako\u015bci i pewno\u015bci hamowania<\/h3>\n<p data-start=\"296\" data-end=\"476\">GRAPHENpads\u00ae to ceramiczne klocki hamulcowe nowej generacji, stworzone z my\u015bl\u0105 o maksymalnej kontroli, trwa\u0142o\u015bci i bezpiecze\u0144stwie \u2014 nawet podczas najbardziej wymagaj\u0105cych zjazd\u00f3w.<\/p>\n<p data-start=\"478\" data-end=\"724\">Dzi\u0119ki <strong data-start=\"485\" data-end=\"520\">unikalnej konstrukcji radiatora<\/strong>, <strong data-start=\"522\" data-end=\"558\">pow\u0142oce grafenowej tylnej p\u0142ytki<\/strong> oraz <strong data-start=\"564\" data-end=\"645\">innowacyjnej mieszance ciernej z dodatkiem specjalnie zmodyfikowanego grafenu<\/strong>, GRAPHENpads\u00ae wyznaczaj\u0105 zupe\u0142nie nowy standard w \u015bwiecie hamulc\u00f3w tarczowych.<\/p>\n<h2 data-start=\"731\" data-end=\"756\">Dlaczego GRAPHENpads\u00ae?<\/h2>\n<p data-start=\"758\" data-end=\"1029\">Klocki hamulcowe to jeden z najwa\u017cniejszych element\u00f3w roweru \u2014 od nich zale\u017cy Twoja pewno\u015b\u0107 i bezpiecze\u0144stwo na zjazdach. Kluczowym czynnikiem wp\u0142ywaj\u0105cym na skuteczno\u015b\u0107 hamowania jest <strong data-start=\"943\" data-end=\"974\">temperatura klocka i tarczy<\/strong>, szczeg\u00f3lnie podczas d\u0142ugiego, intensywnego hamowania.<\/p>\n<p data-start=\"1031\" data-end=\"1258\">GRAPHENpads\u00ae zosta\u0142y zaprojektowane tak, aby <strong data-start=\"1076\" data-end=\"1161\">utrzymywa\u0107 temperatur\u0119 uk\u0142adu hamulcowego jak najni\u017cej (optymalnie poni\u017cej 400\u00b0C)<\/strong>, zapewniaj\u0105c sta\u0142\u0105, przewidywaln\u0105 si\u0142\u0119 hamowania i doskona\u0142\u0105 modulacj\u0119 \u2014 bez wzgl\u0119du na warunki.<\/p>\n<h2 data-start=\"1265\" data-end=\"1288\">Potwierdzone testami<\/h2>\n<p data-start=\"1290\" data-end=\"1375\">Wyniki test\u00f3w laboratoryjnych oraz obrazowania termicznego pokazuj\u0105, \u017ce GRAPHENpads\u00ae:<\/p>\n<ul data-start=\"1376\" data-end=\"1561\">\n<li data-start=\"1376\" data-end=\"1459\">\n<p data-start=\"1378\" data-end=\"1459\">obni\u017caj\u0105 temperatur\u0119 klocka i tarczy <strong data-start=\"1415\" data-end=\"1430\">nawet o 35%<\/strong> w por\u00f3wnaniu z konkurencj\u0105<\/p>\n<\/li>\n<li data-start=\"1460\" data-end=\"1561\">\n<p data-start=\"1462\" data-end=\"1561\"><strong data-start=\"1462\" data-end=\"1505\">ca\u0142kowicie eliminuj\u0105 efekt brake fading<\/strong>, czyli zaniku si\u0142y hamowania spowodowanego przegrzaniem<\/p>\n<\/li>\n<\/ul>\n<h2 data-start=\"1568\" data-end=\"1591\">Kluczowe technologie<\/h2>\n<h3 data-start=\"1593\" data-end=\"1623\">Grafen w mieszance ciernej<\/h3>\n<p data-start=\"1624\" data-end=\"1748\">Pierwsze na rynku klocki hamulcowe zawieraj\u0105ce <strong data-start=\"1671\" data-end=\"1726\">specjalnie zmodyfikowany grafen w materiale ciernym<\/strong>, co przek\u0142ada si\u0119 na:<\/p>\n<ul data-start=\"1749\" data-end=\"1853\">\n<li data-start=\"1749\" data-end=\"1781\">\n<p data-start=\"1751\" data-end=\"1781\">wy\u017csz\u0105 skuteczno\u015b\u0107 hamowania<\/p>\n<\/li>\n<li data-start=\"1782\" data-end=\"1813\">\n<p data-start=\"1784\" data-end=\"1813\">lepsze odprowadzanie ciep\u0142a<\/p>\n<\/li>\n<li data-start=\"1814\" data-end=\"1853\">\n<p data-start=\"1816\" data-end=\"1853\">wyj\u0105tkow\u0105 trwa\u0142o\u015b\u0107 ok\u0142adzin i tarcz<\/p>\n<\/li>\n<\/ul>\n<h3 data-start=\"1855\" data-end=\"1890\">Grafenowa pow\u0142oka tylnej p\u0142ytki<\/h3>\n<p data-start=\"1891\" data-end=\"1920\">Pow\u0142oka rozpraszaj\u0105ca ciep\u0142o:<\/p>\n<ul data-start=\"1921\" data-end=\"2046\">\n<li data-start=\"1921\" data-end=\"1983\">\n<p data-start=\"1923\" data-end=\"1983\">zwi\u0119ksza transfer ciep\u0142a z materia\u0142u ciernego do radiatora<\/p>\n<\/li>\n<li data-start=\"1984\" data-end=\"2046\">\n<p data-start=\"1986\" data-end=\"2046\">podnosi efektywno\u015b\u0107 promieniowania cieplnego o <strong data-start=\"2033\" data-end=\"2046\">ponad 20%<\/strong><\/p>\n<\/li>\n<\/ul>\n<h3 data-start=\"2048\" data-end=\"2094\">Opatentowany radiator z uko\u015bnymi \u017ceberkami<\/h3>\n<p data-start=\"2095\" data-end=\"2174\">Pierwszy na rynku radiator z <strong data-start=\"2124\" data-end=\"2157\">uko\u015bnym (45\u00b0) uk\u0142adem \u017ceberek<\/strong>, kt\u00f3ry zapewnia:<\/p>\n<ul data-start=\"2175\" data-end=\"2426\">\n<li data-start=\"2175\" data-end=\"2260\">\n<p data-start=\"2177\" data-end=\"2260\"><strong data-start=\"2177\" data-end=\"2217\">+40% wi\u0119ksz\u0105 powierzchni\u0119 ch\u0142odzenia<\/strong> w por\u00f3wnaniu do standardowych radiator\u00f3w<\/p>\n<\/li>\n<li data-start=\"2261\" data-end=\"2339\">\n<p data-start=\"2263\" data-end=\"2339\">znacznie lepszy przep\u0142yw powietrza i efektywniejsze ch\u0142odzenie konwekcyjne<\/p>\n<\/li>\n<li data-start=\"2340\" data-end=\"2426\">\n<p data-start=\"2342\" data-end=\"2426\">odprowadzanie ciep\u0142a <strong data-start=\"2363\" data-end=\"2395\">z dala od klocka hamulcowego<\/strong>, zamiast na s\u0105siednie elementy<\/p>\n<\/li>\n<\/ul>\n<h2 data-start=\"2433\" data-end=\"2464\">Bez miedzi. Bez kompromis\u00f3w.<\/h2>\n<p data-start=\"2466\" data-end=\"2684\">GRAPHENpads\u00ae to <strong data-start=\"2482\" data-end=\"2567\">pierwsze klocki hamulcowe na rynku ca\u0142kowicie pozbawione miedzi i metali ci\u0119\u017ckich<\/strong>.<br data-start=\"2568\" data-end=\"2571\" \/>Zamiast toksycznej miedzi zastosowano grafen \u2014 rozwi\u0105zanie bardziej wydajne, trwalsze i przyjazne dla \u015brodowiska.<\/p>\n<h2 data-start=\"2691\" data-end=\"2722\">Trwa\u0142o\u015b\u0107, kt\u00f3ra robi r\u00f3\u017cnic\u0119<\/h2>\n<ul data-start=\"2724\" data-end=\"2871\">\n<li data-start=\"2724\" data-end=\"2792\">\n<p data-start=\"2726\" data-end=\"2792\">\u015brednia \u017cywotno\u015b\u0107 klock\u00f3w: <strong data-start=\"2753\" data-end=\"2790\">do 8000 km w terenie pag\u00f3rkowatym<\/strong><\/p>\n<\/li>\n<li data-start=\"2793\" data-end=\"2871\">\n<p data-start=\"2795\" data-end=\"2871\">grafen osadzaj\u0105cy si\u0119 w mikroporach tarczy <strong data-start=\"2838\" data-end=\"2871\">wyd\u0142u\u017ca r\u00f3wnie\u017c jej \u017cywotno\u015b\u0107<\/strong><\/p>\n<\/li>\n<\/ul>\n<hr data-start=\"2873\" data-end=\"2876\" \/>\n<h2 data-start=\"2878\" data-end=\"2896\">Made in EU \ud83c\uddea\ud83c\uddfa<\/h2>\n<p data-start=\"2898\" data-end=\"3052\">GRAPHENpads\u00ae s\u0105 <strong data-start=\"2914\" data-end=\"2949\">produkowane w Unii Europejskiej<\/strong>, w przeciwie\u0144stwie do wi\u0119kszo\u015bci ok\u0142adzin dost\u0119pnych na rynku, kt\u00f3re pochodz\u0105 z jednej fabryki w Azji.<\/p>\n<h2 data-start=\"3059\" data-end=\"3095\">Najwa\u017cniejsze korzy\u015bci w praktyce<\/h2>\n<ul data-start=\"3097\" data-end=\"3410\">\n<li data-start=\"3097\" data-end=\"3157\">\n<p data-start=\"3099\" data-end=\"3157\">pot\u0119\u017cna, a jednocze\u015bnie <strong data-start=\"3123\" data-end=\"3155\">przewidywalna si\u0142a hamowania<\/strong><\/p>\n<\/li>\n<li data-start=\"3158\" data-end=\"3207\">\n<p data-start=\"3160\" data-end=\"3207\">doskona\u0142a modulacja i kr\u00f3tsza droga hamowania<\/p>\n<\/li>\n<li data-start=\"3208\" data-end=\"3258\">\n<p data-start=\"3210\" data-end=\"3258\">wi\u0119ksza pewno\u015b\u0107 i kontrola na d\u0142ugich zjazdach<\/p>\n<\/li>\n<li data-start=\"3259\" data-end=\"3316\">\n<p data-start=\"3261\" data-end=\"3316\"><strong data-start=\"3261\" data-end=\"3282\">brak brake fading<\/strong> nawet w ekstremalnych warunkach<\/p>\n<\/li>\n<li data-start=\"3317\" data-end=\"3342\">\n<p data-start=\"3319\" data-end=\"3342\">niezwykle cicha praca<\/p>\n<\/li>\n<li data-start=\"3343\" data-end=\"3410\">\n<p data-start=\"3345\" data-end=\"3410\">mniejsze zm\u0119czenie d\u0142oni dzi\u0119ki ni\u017cszej sile potrzebnej na klamce<\/p>\n<\/li>\n<\/ul>\n<h2 data-start=\"3417\" data-end=\"3425\">Sk\u0142ad<\/h2>\n<ul data-start=\"3426\" data-end=\"3557\">\n<li data-start=\"3426\" data-end=\"3493\">\n<p data-start=\"3428\" data-end=\"3493\">ceramiczno-organiczna mieszanka cierna \u201ePerformance\u201d z grafenem<\/p>\n<\/li>\n<li data-start=\"3494\" data-end=\"3525\">\n<p data-start=\"3496\" data-end=\"3525\">grafenowa pow\u0142oka termiczna<\/p>\n<\/li>\n<li data-start=\"3526\" data-end=\"3557\">\n<p data-start=\"3528\" data-end=\"3557\">brak miedzi i metali ci\u0119\u017ckich<\/p>\n<\/li>\n<\/ul>\n","protected":false},"excerpt":{"rendered":"<h3 data-start=\"253\" data-end=\"294\">Nowa era jako\u015bci i pewno\u015bci hamowania<\/h3>\n<h3 data-start=\"296\" data-end=\"476\">GRAPHENpads\u00ae to ceramiczne klocki hamulcowe nowej generacji, stworzone z my\u015bl\u0105 o maksymalnej kontroli, trwa\u0142o\u015bci i bezpiecze\u0144stwie \u2014 nawet podczas najbardziej wymagaj\u0105cych zjazd\u00f3w.<\/h3>\n<h3 data-start=\"478\" data-end=\"724\">Dzi\u0119ki <strong data-start=\"485\" data-end=\"520\">unikalnej konstrukcji radiatora<\/strong>, <strong data-start=\"522\" data-end=\"558\">pow\u0142oce grafenowej tylnej p\u0142ytki<\/strong> oraz <strong data-start=\"564\" data-end=\"645\">innowacyjnej mieszance ciernej z dodatkiem specjalnie zmodyfikowanego grafenu<\/strong>, GRAPHENpads\u00ae wyznaczaj\u0105 zupe\u0142nie nowy standard w \u015bwiecie hamulc\u00f3w tarczowych.<\/h3>\n","protected":false},"featured_media":12886,"comment_status":"open","ping_status":"closed","template":"","meta":{"inline_featured_image":false},"product_cat":[184,89,80],"product_tag":[],"class_list":{"0":"post-12883","1":"product","2":"type-product","3":"status-publish","4":"has-post-thumbnail","6":"product_cat-absoluteblack","7":"product_cat-bizuteria-rowerowa","8":"product_cat-czesci","10":"first","11":"instock","12":"taxable","13":"shipping-taxable","14":"purchasable","15":"product-type-variable"},"_links":{"self":[{"href":"https:\/\/cycling-boutique.com\/index.php?rest_route=\/wp\/v2\/product\/12883","targetHints":{"allow":["GET"]}}],"collection":[{"href":"https:\/\/cycling-boutique.com\/index.php?rest_route=\/wp\/v2\/product"}],"about":[{"href":"https:\/\/cycling-boutique.com\/index.php?rest_route=\/wp\/v2\/types\/product"}],"replies":[{"embeddable":true,"href":"https:\/\/cycling-boutique.com\/index.php?rest_route=%2Fwp%2Fv2%2Fcomments&post=12883"}],"wp:featuredmedia":[{"embeddable":true,"href":"https:\/\/cycling-boutique.com\/index.php?rest_route=\/wp\/v2\/media\/12886"}],"wp:attachment":[{"href":"https:\/\/cycling-boutique.com\/index.php?rest_route=%2Fwp%2Fv2%2Fmedia&parent=12883"}],"wp:term":[{"taxonomy":"product_cat","embeddable":true,"href":"https:\/\/cycling-boutique.com\/index.php?rest_route=%2Fwp%2Fv2%2Fproduct_cat&post=12883"},{"taxonomy":"product_tag","embeddable":true,"href":"https:\/\/cycling-boutique.com\/index.php?rest_route=%2Fwp%2Fv2%2Fproduct_tag&post=12883"}],"curies":[{"name":"wp","href":"https:\/\/api.w.org\/{rel}","templated":true}]}}