{"id":12918,"date":"2026-02-10T14:50:30","date_gmt":"2026-02-10T14:50:30","guid":{"rendered":"https:\/\/cycling-boutique.com\/?post_type=product&#038;p=12918"},"modified":"2026-02-10T14:50:30","modified_gmt":"2026-02-10T14:50:30","slug":"suport-ceramicspeed-bb-alpha","status":"publish","type":"product","link":"https:\/\/cycling-boutique.com\/?product=suport-ceramicspeed-bb-alpha","title":{"rendered":"SUPORT CERAMICSPEED BB ALPHA"},"content":{"rendered":"<p data-start=\"114\" data-end=\"505\">Suport stworzony, by przetrwa\u0107 d\u0142u\u017cej ni\u017c Twoja rama. <strong data-start=\"168\" data-end=\"180\">BB ALPHA<\/strong> wyposa\u017cony jest w hartowane bie\u017cnie ze stali nierdzewnej, r\u0119cznie sk\u0142adane z ceramicznymi kulkami z azotku krzemu klasy 3 (Silicon Nitride). Autorskie uszczelnienia oraz precyzyjne os\u0142ony przeciwpy\u0142owe zapewniaj\u0105 nawet <strong data-start=\"400\" data-end=\"440\">o 500% lepsz\u0105 ochron\u0119 przed wilgoci\u0105<\/strong>, przy jednoczesnym zachowaniu wyj\u0105tkowo niskich opor\u00f3w toczenia.<\/p>\n<p data-start=\"507\" data-end=\"749\">Uproszczona konstrukcja tulei dystansowej oraz l\u017cejsze miski pozwalaj\u0105 na szybki monta\u017c i <strong data-start=\"597\" data-end=\"620\">redukcj\u0119 masy o 10%<\/strong> w por\u00f3wnaniu do poprzednich generacji. Wszystkie modele <strong data-start=\"677\" data-end=\"702\">CeramicSpeed BB ALPHA<\/strong> obj\u0119te s\u0105 <strong data-start=\"713\" data-end=\"737\">do\u017cywotni\u0105 gwarancj\u0105<\/strong> producenta.<\/p>\n<p><strong data-start=\"88\" data-end=\"133\"><\/p>\n<p>BB ALPHA dost\u0119pny jest w wielu wariantach<\/strong>, kompatybilnych z r\u00f3\u017cnymi typami korb oraz standardami muf suportu.<br data-start=\"201\" data-end=\"204\" \/><strong data-start=\"204\" data-end=\"229\">Skontaktuj si\u0119 z nami<\/strong>, aby dobra\u0107 idealny suport dopasowany do Twojego roweru i konfiguracji nap\u0119du.<\/p>\n","protected":false},"excerpt":{"rendered":"<p>Suport stworzony, by przetrwa\u0107 d\u0142u\u017cej ni\u017c Twoja rama. <strong data-start=\"168\" data-end=\"180\">BB ALPHA<\/strong> wyposa\u017cony jest w hartowane bie\u017cnie ze stali nierdzewnej, r\u0119cznie sk\u0142adane z ceramicznymi kulkami z azotku krzemu klasy 3 (Silicon Nitride). Autorskie uszczelnienia oraz precyzyjne os\u0142ony przeciwpy\u0142owe zapewniaj\u0105 nawet <strong data-start=\"400\" data-end=\"440\">o 500% lepsz\u0105 ochron\u0119 przed wilgoci\u0105<\/strong>, przy jednoczesnym zachowaniu wyj\u0105tkowo niskich opor\u00f3w toczenia.<\/p>\n","protected":false},"featured_media":12919,"comment_status":"open","ping_status":"closed","template":"","meta":{"inline_featured_image":false},"product_cat":[89,157,80],"product_tag":[],"class_list":{"0":"post-12918","1":"product","2":"type-product","3":"status-publish","4":"has-post-thumbnail","6":"product_cat-bizuteria-rowerowa","7":"product_cat-ceramicspeed","8":"product_cat-czesci","10":"first","11":"onbackorder","12":"taxable","13":"shipping-taxable","14":"purchasable","15":"product-type-simple"},"_links":{"self":[{"href":"https:\/\/cycling-boutique.com\/index.php?rest_route=\/wp\/v2\/product\/12918","targetHints":{"allow":["GET"]}}],"collection":[{"href":"https:\/\/cycling-boutique.com\/index.php?rest_route=\/wp\/v2\/product"}],"about":[{"href":"https:\/\/cycling-boutique.com\/index.php?rest_route=\/wp\/v2\/types\/product"}],"replies":[{"embeddable":true,"href":"https:\/\/cycling-boutique.com\/index.php?rest_route=%2Fwp%2Fv2%2Fcomments&post=12918"}],"wp:featuredmedia":[{"embeddable":true,"href":"https:\/\/cycling-boutique.com\/index.php?rest_route=\/wp\/v2\/media\/12919"}],"wp:attachment":[{"href":"https:\/\/cycling-boutique.com\/index.php?rest_route=%2Fwp%2Fv2%2Fmedia&parent=12918"}],"wp:term":[{"taxonomy":"product_cat","embeddable":true,"href":"https:\/\/cycling-boutique.com\/index.php?rest_route=%2Fwp%2Fv2%2Fproduct_cat&post=12918"},{"taxonomy":"product_tag","embeddable":true,"href":"https:\/\/cycling-boutique.com\/index.php?rest_route=%2Fwp%2Fv2%2Fproduct_tag&post=12918"}],"curies":[{"name":"wp","href":"https:\/\/api.w.org\/{rel}","templated":true}]}}