{"id":12929,"date":"2026-02-10T17:14:46","date_gmt":"2026-02-10T17:14:46","guid":{"rendered":"https:\/\/cycling-boutique.com\/?post_type=product&#038;p=12929"},"modified":"2026-02-10T17:17:26","modified_gmt":"2026-02-10T17:17:26","slug":"fizik-siodlo-vento-argo-00-adaptive","status":"publish","type":"product","link":"https:\/\/cycling-boutique.com\/?product=fizik-siodlo-vento-argo-00-adaptive","title":{"rendered":"FIZIK SIOD\u0141O VENTO ARGO 00 ADAPTIVE"},"content":{"rendered":"<h3 data-start=\"68\" data-end=\"115\">Nowoczesne siode\u0142ko karbonowe klasy premium<\/h3>\n<p data-start=\"117\" data-end=\"466\">Siode\u0142ko <strong data-start=\"126\" data-end=\"149\">VENTO ARGO ADAPTIVE<\/strong> to po\u0142\u0105czenie zaawansowanej technologii, ultralekkiej konstrukcji i maksymalnego komfortu dla wymagaj\u0105cych kolarzy. W pe\u0142ni karbonowa skorupa oraz karbonowe szyny <strong data-start=\"313\" data-end=\"337\">Carbon Mobius 7&#215;9 mm<\/strong> gwarantuj\u0105 wyj\u0105tkow\u0105 sztywno\u015b\u0107 przy minimalnej wadze, co przek\u0142ada si\u0119 na efektywne przenoszenie mocy i doskona\u0142e czucie roweru.<\/p>\n<p data-start=\"468\" data-end=\"791\">Ergonomiczny kszta\u0142t Argo zapewnia stabiln\u0105 pozycj\u0119 i optymalne podparcie, szczeg\u00f3lnie podczas dynamicznej, sportowej jazdy. Technologia <strong data-start=\"605\" data-end=\"617\">Adaptive<\/strong> dopasowuje si\u0119 do ruch\u00f3w cia\u0142a, zwi\u0119kszaj\u0105c komfort nawet na d\u0142ugich i intensywnych trasach. To idealny wyb\u00f3r dla os\u00f3b, kt\u00f3re oczekuj\u0105 najwy\u017cszej wydajno\u015bci bez kompromis\u00f3w.<\/p>\n<h3 data-start=\"798\" data-end=\"825\">Specyfikacja techniczna<\/h3>\n<ul data-start=\"826\" data-end=\"1000\">\n<li data-start=\"826\" data-end=\"864\">\n<p data-start=\"828\" data-end=\"864\"><strong data-start=\"828\" data-end=\"842\">Platforma:<\/strong> VENTO ARGO ADAPTIVE<\/p>\n<\/li>\n<li data-start=\"865\" data-end=\"899\">\n<p data-start=\"867\" data-end=\"899\"><strong data-start=\"867\" data-end=\"879\">Skorupa:<\/strong> w pe\u0142ni karbonowa<\/p>\n<\/li>\n<li data-start=\"900\" data-end=\"954\">\n<p data-start=\"902\" data-end=\"954\"><strong data-start=\"902\" data-end=\"912\">Szyny:<\/strong> 00 \u2013 Full Carbon (Carbon Mobius 7&#215;9 mm)<\/p>\n<\/li>\n<li data-start=\"955\" data-end=\"980\">\n<p data-start=\"957\" data-end=\"980\"><strong data-start=\"957\" data-end=\"971\">Szeroko\u015b\u0107:<\/strong> 150 mm<\/p>\n<\/li>\n<li data-start=\"981\" data-end=\"1000\">\n<p data-start=\"983\" data-end=\"1000\"><strong data-start=\"983\" data-end=\"992\">Waga:<\/strong> 186 g<\/p>\n<\/li>\n<\/ul>\n","protected":false},"excerpt":{"rendered":"<h3><span class=\"wartosc\">Nowy wymiar komfortu siode\u0142ka.\u00a0<\/span><\/h3>\n","protected":false},"featured_media":12936,"comment_status":"open","ping_status":"closed","template":"","meta":{"inline_featured_image":false},"product_cat":[80,175],"product_tag":[],"class_list":{"0":"post-12929","1":"product","2":"type-product","3":"status-publish","4":"has-post-thumbnail","6":"product_cat-czesci","7":"product_cat-siodelka","9":"first","10":"onbackorder","11":"taxable","12":"shipping-taxable","13":"purchasable","14":"product-type-variable"},"_links":{"self":[{"href":"https:\/\/cycling-boutique.com\/index.php?rest_route=\/wp\/v2\/product\/12929","targetHints":{"allow":["GET"]}}],"collection":[{"href":"https:\/\/cycling-boutique.com\/index.php?rest_route=\/wp\/v2\/product"}],"about":[{"href":"https:\/\/cycling-boutique.com\/index.php?rest_route=\/wp\/v2\/types\/product"}],"replies":[{"embeddable":true,"href":"https:\/\/cycling-boutique.com\/index.php?rest_route=%2Fwp%2Fv2%2Fcomments&post=12929"}],"wp:featuredmedia":[{"embeddable":true,"href":"https:\/\/cycling-boutique.com\/index.php?rest_route=\/wp\/v2\/media\/12936"}],"wp:attachment":[{"href":"https:\/\/cycling-boutique.com\/index.php?rest_route=%2Fwp%2Fv2%2Fmedia&parent=12929"}],"wp:term":[{"taxonomy":"product_cat","embeddable":true,"href":"https:\/\/cycling-boutique.com\/index.php?rest_route=%2Fwp%2Fv2%2Fproduct_cat&post=12929"},{"taxonomy":"product_tag","embeddable":true,"href":"https:\/\/cycling-boutique.com\/index.php?rest_route=%2Fwp%2Fv2%2Fproduct_tag&post=12929"}],"curies":[{"name":"wp","href":"https:\/\/api.w.org\/{rel}","templated":true}]}}