{"id":12943,"date":"2026-02-10T17:21:34","date_gmt":"2026-02-10T17:21:34","guid":{"rendered":"https:\/\/cycling-boutique.com\/?post_type=product&#038;p=12943"},"modified":"2026-02-10T17:22:40","modified_gmt":"2026-02-10T17:22:40","slug":"fizik-siodlo-vento-antares-r1-adaptive","status":"publish","type":"product","link":"https:\/\/cycling-boutique.com\/?product=fizik-siodlo-vento-antares-r1-adaptive","title":{"rendered":"FIZIK SIOD\u0141O VENTO ANTARES R1 ADAPTIVE"},"content":{"rendered":"<h3 data-start=\"93\" data-end=\"145\">Siode\u0142ko sportowe ANTARES z technologi\u0105 ADAPTIVE<\/h3>\n<p data-start=\"147\" data-end=\"442\">Siode\u0142ko <strong data-start=\"156\" data-end=\"182\">VENTO ANTARES ADAPTIVE<\/strong> to po\u0142\u0105czenie precyzyjnej in\u017cynierii, lekkiej konstrukcji i innowacyjnego komfortu. Dzi\u0119ki technologii <strong data-start=\"286\" data-end=\"334\">Carbon\u00ae Digital Light Synthesis\u2122 3D-printing<\/strong>, siode\u0142ko oferuje <strong data-start=\"353\" data-end=\"390\">bezszwowe, strefowe amortyzowanie<\/strong>, kt\u00f3re dopasowuje si\u0119 do naturalnych ruch\u00f3w cia\u0142a.<\/p>\n<p data-start=\"444\" data-end=\"648\">Model <strong data-start=\"450\" data-end=\"461\">ANTARES<\/strong> wyr\u00f3\u017cnia si\u0119 niskoprofilow\u0105 konstrukcj\u0105, umo\u017cliwiaj\u0105c\u0105 <strong data-start=\"517\" data-end=\"563\">bardziej bezpo\u015brednie po\u0142\u0105czenie z rowerem<\/strong>, co przek\u0142ada si\u0119 na maksymaln\u0105 efektywno\u015b\u0107 peda\u0142owania i optymalny transfer mocy.<\/p>\n<p data-start=\"650\" data-end=\"947\"><strong data-start=\"650\" data-end=\"662\">Szyny R1<\/strong> w po\u0142\u0105czeniu z karbonowo-wzmacnian\u0105 skorup\u0105 z nylonu zapewniaj\u0105 idealny balans mi\u0119dzy <strong data-start=\"749\" data-end=\"776\">sztywno\u015bci\u0105 a komfortem<\/strong>, gwarantuj\u0105c stabiln\u0105 pozycj\u0119 nawet podczas intensywnej jazdy. To siode\u0142ko dla kolarzy, kt\u00f3rzy oczekuj\u0105 wydajno\u015bci na najwy\u017cszym poziomie i pe\u0142nej kontroli nad rowerem.<\/p>\n<hr data-start=\"949\" data-end=\"952\" \/>\n<h3 data-start=\"954\" data-end=\"981\">Specyfikacja techniczna<\/h3>\n<ul data-start=\"982\" data-end=\"1176\">\n<li data-start=\"982\" data-end=\"1023\">\n<p data-start=\"984\" data-end=\"1023\"><strong data-start=\"984\" data-end=\"998\">Platforma:<\/strong> VENTO ANTARES ADAPTIVE<\/p>\n<\/li>\n<li data-start=\"1024\" data-end=\"1103\">\n<p data-start=\"1026\" data-end=\"1103\"><strong data-start=\"1026\" data-end=\"1038\">Skorupa:<\/strong> karbonowo-wzmacniany nylon z ADAPTIVE Digital Light Synthesis\u2122<\/p>\n<\/li>\n<li data-start=\"1104\" data-end=\"1130\">\n<p data-start=\"1106\" data-end=\"1130\"><strong data-start=\"1106\" data-end=\"1116\">Szyny:<\/strong> R1 \u2013 Carbon<\/p>\n<\/li>\n<li data-start=\"1131\" data-end=\"1156\">\n<p data-start=\"1133\" data-end=\"1156\"><strong data-start=\"1133\" data-end=\"1147\">Szeroko\u015b\u0107:<\/strong> 150 mm<\/p>\n<\/li>\n<li data-start=\"1157\" data-end=\"1176\">\n<p data-start=\"1159\" data-end=\"1176\"><strong data-start=\"1159\" data-end=\"1168\">Waga:<\/strong> 185 g<\/p>\n<\/li>\n<\/ul>\n","protected":false},"excerpt":{"rendered":"<h3><span class=\"wartosc\">Nowy wymiar komfortu siode\u0142ka.\u00a0<\/span><\/h3>\n","protected":false},"featured_media":12946,"comment_status":"open","ping_status":"closed","template":"","meta":{"inline_featured_image":false},"product_cat":[80,175],"product_tag":[],"class_list":{"0":"post-12943","1":"product","2":"type-product","3":"status-publish","4":"has-post-thumbnail","6":"product_cat-czesci","7":"product_cat-siodelka","9":"first","10":"onbackorder","11":"taxable","12":"shipping-taxable","13":"purchasable","14":"product-type-variable"},"_links":{"self":[{"href":"https:\/\/cycling-boutique.com\/index.php?rest_route=\/wp\/v2\/product\/12943","targetHints":{"allow":["GET"]}}],"collection":[{"href":"https:\/\/cycling-boutique.com\/index.php?rest_route=\/wp\/v2\/product"}],"about":[{"href":"https:\/\/cycling-boutique.com\/index.php?rest_route=\/wp\/v2\/types\/product"}],"replies":[{"embeddable":true,"href":"https:\/\/cycling-boutique.com\/index.php?rest_route=%2Fwp%2Fv2%2Fcomments&post=12943"}],"wp:featuredmedia":[{"embeddable":true,"href":"https:\/\/cycling-boutique.com\/index.php?rest_route=\/wp\/v2\/media\/12946"}],"wp:attachment":[{"href":"https:\/\/cycling-boutique.com\/index.php?rest_route=%2Fwp%2Fv2%2Fmedia&parent=12943"}],"wp:term":[{"taxonomy":"product_cat","embeddable":true,"href":"https:\/\/cycling-boutique.com\/index.php?rest_route=%2Fwp%2Fv2%2Fproduct_cat&post=12943"},{"taxonomy":"product_tag","embeddable":true,"href":"https:\/\/cycling-boutique.com\/index.php?rest_route=%2Fwp%2Fv2%2Fproduct_tag&post=12943"}],"curies":[{"name":"wp","href":"https:\/\/api.w.org\/{rel}","templated":true}]}}