{"id":12949,"date":"2026-02-10T17:23:27","date_gmt":"2026-02-10T17:23:27","guid":{"rendered":"https:\/\/cycling-boutique.com\/?post_type=product&#038;p=12949"},"modified":"2026-02-10T17:24:21","modified_gmt":"2026-02-10T17:24:21","slug":"fizik-siodlo-tempo-aliante-r1-adaptive","status":"publish","type":"product","link":"https:\/\/cycling-boutique.com\/?product=fizik-siodlo-tempo-aliante-r1-adaptive","title":{"rendered":"FIZIK SIOD\u0141O TEMPO ALIANTE R1 ADAPTIVE"},"content":{"rendered":"<h3 data-start=\"96\" data-end=\"176\">Siode\u0142ko ALIANTE z technologi\u0105 ADAPTIVE \u2013 komfort i wsparcie na d\u0142ugie trasy<\/h3>\n<p data-start=\"178\" data-end=\"563\">Siode\u0142ko <strong data-start=\"187\" data-end=\"213\">TEMPO ALIANTE ADAPTIVE<\/strong> \u0142\u0105czy zaawansowan\u0105 technologi\u0119 i ergonomiczny design, zapewniaj\u0105c wyj\u0105tkowy komfort podczas ka\u017cdej przeja\u017cd\u017cki. Dzi\u0119ki <strong data-start=\"333\" data-end=\"381\">Carbon\u00ae Digital Light Synthesis\u2122 3D-printing<\/strong>, siode\u0142ko oferuje <strong data-start=\"400\" data-end=\"437\">bezszwowe, strefowe amortyzowanie<\/strong>, kt\u00f3re perfekcyjnie dopasowuje si\u0119 do cia\u0142a rowerzysty, redukuj\u0105c punktowy nacisk i zwi\u0119kszaj\u0105c komfort na d\u0142ugich trasach.<\/p>\n<p data-start=\"565\" data-end=\"969\">Model <strong data-start=\"571\" data-end=\"582\">ALIANTE<\/strong> wyr\u00f3\u017cnia si\u0119 <strong data-start=\"596\" data-end=\"634\">fali\u015bcie wyprofilowan\u0105 konstrukcj\u0105<\/strong>, maksymalizuj\u0105c\u0105 wsparcie, komfort i redukcj\u0119 nacisku w newralgicznych punktach. <strong data-start=\"716\" data-end=\"728\">Szyny R1<\/strong> w po\u0142\u0105czeniu z karbonowo-wzmacnian\u0105 skorup\u0105 z nylonu \u0142\u0105cz\u0105 <strong data-start=\"788\" data-end=\"815\">spr\u0119\u017cysto\u015b\u0107 i sztywno\u015b\u0107<\/strong>, oferuj\u0105c stabiln\u0105 i pewn\u0105 pozycj\u0119 na rowerze. To idealne siode\u0142ko dla kolarzy szosowych i endurance, kt\u00f3rzy ceni\u0105 wygod\u0119 bez kompromis\u00f3w w wydajno\u015bci.<\/p>\n<h3 data-start=\"976\" data-end=\"1003\">Specyfikacja techniczna<\/h3>\n<ul data-start=\"1004\" data-end=\"1198\">\n<li data-start=\"1004\" data-end=\"1045\">\n<p data-start=\"1006\" data-end=\"1045\"><strong data-start=\"1006\" data-end=\"1020\">Platforma:<\/strong> TEMPO ALIANTE ADAPTIVE<\/p>\n<\/li>\n<li data-start=\"1046\" data-end=\"1125\">\n<p data-start=\"1048\" data-end=\"1125\"><strong data-start=\"1048\" data-end=\"1060\">Skorupa:<\/strong> karbonowo-wzmacniany nylon z ADAPTIVE Digital Light Synthesis\u2122<\/p>\n<\/li>\n<li data-start=\"1126\" data-end=\"1152\">\n<p data-start=\"1128\" data-end=\"1152\"><strong data-start=\"1128\" data-end=\"1138\">Szyny:<\/strong> R1 \u2013 Carbon<\/p>\n<\/li>\n<li data-start=\"1153\" data-end=\"1178\">\n<p data-start=\"1155\" data-end=\"1178\"><strong data-start=\"1155\" data-end=\"1169\">Szeroko\u015b\u0107:<\/strong> 155 mm<\/p>\n<\/li>\n<li data-start=\"1179\" data-end=\"1198\">\n<p data-start=\"1181\" data-end=\"1198\"><strong data-start=\"1181\" data-end=\"1190\">Waga:<\/strong> 201 g<\/p>\n<\/li>\n<\/ul>\n<hr data-start=\"1200\" data-end=\"1203\" \/>\n","protected":false},"excerpt":{"rendered":"<h3><span class=\"wartosc\">Nowy wymiar komfortu siode\u0142ka.\u00a0<\/span><\/h3>\n","protected":false},"featured_media":12954,"comment_status":"open","ping_status":"closed","template":"","meta":{"inline_featured_image":false},"product_cat":[80,175],"product_tag":[],"class_list":{"0":"post-12949","1":"product","2":"type-product","3":"status-publish","4":"has-post-thumbnail","6":"product_cat-czesci","7":"product_cat-siodelka","9":"first","10":"onbackorder","11":"taxable","12":"shipping-taxable","13":"purchasable","14":"product-type-variable"},"_links":{"self":[{"href":"https:\/\/cycling-boutique.com\/index.php?rest_route=\/wp\/v2\/product\/12949","targetHints":{"allow":["GET"]}}],"collection":[{"href":"https:\/\/cycling-boutique.com\/index.php?rest_route=\/wp\/v2\/product"}],"about":[{"href":"https:\/\/cycling-boutique.com\/index.php?rest_route=\/wp\/v2\/types\/product"}],"replies":[{"embeddable":true,"href":"https:\/\/cycling-boutique.com\/index.php?rest_route=%2Fwp%2Fv2%2Fcomments&post=12949"}],"wp:featuredmedia":[{"embeddable":true,"href":"https:\/\/cycling-boutique.com\/index.php?rest_route=\/wp\/v2\/media\/12954"}],"wp:attachment":[{"href":"https:\/\/cycling-boutique.com\/index.php?rest_route=%2Fwp%2Fv2%2Fmedia&parent=12949"}],"wp:term":[{"taxonomy":"product_cat","embeddable":true,"href":"https:\/\/cycling-boutique.com\/index.php?rest_route=%2Fwp%2Fv2%2Fproduct_cat&post=12949"},{"taxonomy":"product_tag","embeddable":true,"href":"https:\/\/cycling-boutique.com\/index.php?rest_route=%2Fwp%2Fv2%2Fproduct_tag&post=12949"}],"curies":[{"name":"wp","href":"https:\/\/api.w.org\/{rel}","templated":true}]}}