{"id":12968,"date":"2026-02-10T17:39:09","date_gmt":"2026-02-10T17:39:09","guid":{"rendered":"https:\/\/cycling-boutique.com\/?post_type=product&#038;p=12968"},"modified":"2026-02-10T17:40:26","modified_gmt":"2026-02-10T17:40:26","slug":"enve-ses-6-7","status":"publish","type":"product","link":"https:\/\/cycling-boutique.com\/?product=enve-ses-6-7","title":{"rendered":"ENVE SES 6.7"},"content":{"rendered":"<h3 data-start=\"131\" data-end=\"192\">ENVE SES 6.7 \u2013 nowoczesne ko\u0142a aero do wy\u015bcig\u00f3w szosowych<\/h3>\n<p data-start=\"194\" data-end=\"558\"><strong data-start=\"194\" data-end=\"210\">ENVE SES 6.7<\/strong> to zestaw k\u00f3\u0142 wyznaczaj\u0105cy nowe standardy w segmencie nowoczesnych k\u00f3\u0142 aerodynamicznych. \u0141\u0105czy <strong data-start=\"306\" data-end=\"389\">nisk\u0105 mas\u0119, wysok\u0105 stabilno\u015b\u0107, doskona\u0142\u0105 aerodynamik\u0119 oraz efektywno\u015b\u0107 toczenia<\/strong>. Dzi\u0119ki przemy\u015blanej konstrukcji i optymalizacji pod k\u0105tem realnych warunk\u00f3w jazdy, SES 6.7 to jedne z <strong data-start=\"493\" data-end=\"523\">najszybszych k\u00f3\u0142 szosowych<\/strong>, daj\u0105ce realn\u0105 przewag\u0119 w wy\u015bcigu.<\/p>\n<h2 data-start=\"565\" data-end=\"573\">Cechy<\/h2>\n<ul data-start=\"574\" data-end=\"820\">\n<li data-start=\"574\" data-end=\"611\">\n<p data-start=\"576\" data-end=\"611\"><strong data-start=\"576\" data-end=\"593\">Waga zestawu:<\/strong> 1457 g (+\/- 2%)<\/p>\n<\/li>\n<li data-start=\"612\" data-end=\"655\">\n<p data-start=\"614\" data-end=\"655\"><strong data-start=\"614\" data-end=\"647\">Szeroko\u015b\u0107 wewn\u0119trzna obr\u0119czy:<\/strong> 23 mm<\/p>\n<\/li>\n<li data-start=\"656\" data-end=\"719\">\n<p data-start=\"658\" data-end=\"719\"><strong data-start=\"658\" data-end=\"708\">Aerodynamicznie zoptymalizowany rozmiar opony:<\/strong> 27\u201328 mm<\/p>\n<\/li>\n<li data-start=\"720\" data-end=\"758\">\n<p data-start=\"722\" data-end=\"758\"><strong data-start=\"722\" data-end=\"750\">Minimalny rozmiar opony:<\/strong> 25 mm<\/p>\n<\/li>\n<li data-start=\"759\" data-end=\"820\">\n<p data-start=\"761\" data-end=\"820\"><strong data-start=\"761\" data-end=\"780\">Kompatybilno\u015b\u0107:<\/strong> wy\u0142\u0105cznie opony bezd\u0119tkowe (tubeless)<\/p>\n<\/li>\n<\/ul>\n<h2 data-start=\"827\" data-end=\"842\">Specyfikacja<\/h2>\n<ul data-start=\"843\" data-end=\"1049\">\n<li data-start=\"843\" data-end=\"897\">\n<p data-start=\"845\" data-end=\"897\"><strong data-start=\"845\" data-end=\"856\">Piasty:<\/strong> ENVE INNERDRIVE\u2122 Premium Straight-Pull<\/p>\n<\/li>\n<li data-start=\"898\" data-end=\"949\">\n<p data-start=\"900\" data-end=\"949\"><strong data-start=\"900\" data-end=\"915\">Odst\u0119p osi:<\/strong> prz\u00f3d 12\u00d7100 mm | ty\u0142 12\u00d7142 mm<\/p>\n<\/li>\n<li data-start=\"950\" data-end=\"975\">\n<p data-start=\"952\" data-end=\"975\"><strong data-start=\"952\" data-end=\"968\">Rozmiar k\u00f3\u0142:<\/strong> 700c<\/p>\n<\/li>\n<li data-start=\"976\" data-end=\"1049\">\n<p data-start=\"978\" data-end=\"1049\"><strong data-start=\"978\" data-end=\"995\">Typ hamulc\u00f3w:<\/strong> tarczowe, Centerlock (pier\u015bcienie nie s\u0105 do\u0142\u0105czone)<\/p>\n<\/li>\n<\/ul>\n<h2 data-start=\"1056\" data-end=\"1076\">Parametry obr\u0119czy<\/h2>\n<p data-start=\"1078\" data-end=\"1087\"><strong data-start=\"1078\" data-end=\"1087\">Prz\u00f3d<\/strong><\/p>\n<ul data-start=\"1088\" data-end=\"1216\">\n<li data-start=\"1088\" data-end=\"1116\">\n<p data-start=\"1090\" data-end=\"1116\">G\u0142\u0119boko\u015b\u0107 obr\u0119czy: 60 mm<\/p>\n<\/li>\n<li data-start=\"1117\" data-end=\"1148\">\n<p data-start=\"1119\" data-end=\"1148\">Szeroko\u015b\u0107 wewn\u0119trzna: 23 mm<\/p>\n<\/li>\n<li data-start=\"1149\" data-end=\"1180\">\n<p data-start=\"1151\" data-end=\"1180\">Szeroko\u015b\u0107 zewn\u0119trzna: 30 mm<\/p>\n<\/li>\n<li data-start=\"1181\" data-end=\"1203\">\n<p data-start=\"1183\" data-end=\"1203\">Liczba otwor\u00f3w: 24<\/p>\n<\/li>\n<li data-start=\"1204\" data-end=\"1216\">\n<p data-start=\"1206\" data-end=\"1216\">ERD: 538<\/p>\n<\/li>\n<\/ul>\n<p data-start=\"1218\" data-end=\"1225\"><strong data-start=\"1218\" data-end=\"1225\">Ty\u0142<\/strong><\/p>\n<ul data-start=\"1226\" data-end=\"1354\">\n<li data-start=\"1226\" data-end=\"1254\">\n<p data-start=\"1228\" data-end=\"1254\">G\u0142\u0119boko\u015b\u0107 obr\u0119czy: 67 mm<\/p>\n<\/li>\n<li data-start=\"1255\" data-end=\"1286\">\n<p data-start=\"1257\" data-end=\"1286\">Szeroko\u015b\u0107 wewn\u0119trzna: 23 mm<\/p>\n<\/li>\n<li data-start=\"1287\" data-end=\"1318\">\n<p data-start=\"1289\" data-end=\"1318\">Szeroko\u015b\u0107 zewn\u0119trzna: 30 mm<\/p>\n<\/li>\n<li data-start=\"1319\" data-end=\"1341\">\n<p data-start=\"1321\" data-end=\"1341\">Liczba otwor\u00f3w: 24<\/p>\n<\/li>\n<li data-start=\"1342\" data-end=\"1354\">\n<p data-start=\"1344\" data-end=\"1354\">ERD: 526<\/p>\n<\/li>\n<\/ul>\n<h2 data-start=\"1361\" data-end=\"1382\">Optymalizacja opon<\/h2>\n<ul data-start=\"1383\" data-end=\"1630\">\n<li data-start=\"1383\" data-end=\"1452\">\n<p data-start=\"1385\" data-end=\"1452\"><strong data-start=\"1385\" data-end=\"1444\">Zoptymalizowany aerodynamicznie rozmiar opony tubeless:<\/strong> 28 mm<\/p>\n<\/li>\n<li data-start=\"1453\" data-end=\"1491\">\n<p data-start=\"1455\" data-end=\"1491\"><strong data-start=\"1455\" data-end=\"1483\">Minimalny rozmiar opony:<\/strong> 25 mm<\/p>\n<\/li>\n<li data-start=\"1492\" data-end=\"1554\">\n<p data-start=\"1494\" data-end=\"1554\"><strong data-start=\"1494\" data-end=\"1535\">Maksymalne ci\u015bnienie dla opony 25 mm:<\/strong> 90 psi \/ 6,2 bar<\/p>\n<\/li>\n<li data-start=\"1555\" data-end=\"1588\">\n<p data-start=\"1557\" data-end=\"1588\"><strong data-start=\"1557\" data-end=\"1571\">Typ opony:<\/strong> Tubeless Ready<\/p>\n<\/li>\n<li data-start=\"1589\" data-end=\"1630\">\n<p data-start=\"1591\" data-end=\"1630\"><strong data-start=\"1591\" data-end=\"1620\">Szeroko\u015b\u0107 ta\u015bmy tubeless:<\/strong> 26,5 mm<\/p>\n<\/li>\n<\/ul>\n<h2 data-start=\"1637\" data-end=\"1673\">Najwa\u017cniejsze cechy i technologie<\/h2>\n<ul data-start=\"1674\" data-end=\"2697\">\n<li data-start=\"1674\" data-end=\"1834\">\n<p data-start=\"1676\" data-end=\"1834\">Idealny kompromis pomi\u0119dzy g\u0142\u0119boko\u015bci\u0105 obr\u0119czy, wag\u0105 i aerodynamik\u0105: <strong data-start=\"1745\" data-end=\"1778\">60 mm z przodu i 67 mm z ty\u0142u<\/strong>, zapewniaj\u0105cy wysok\u0105 pr\u0119dko\u015b\u0107 bez utraty stabilno\u015bci.<\/p>\n<\/li>\n<li data-start=\"1835\" data-end=\"1962\">\n<p data-start=\"1837\" data-end=\"1962\">Optymalizacja pod opony o wi\u0119kszej obj\u0119to\u015bci (27\u201328 mm), co przek\u0142ada si\u0119 na <strong data-start=\"1914\" data-end=\"1959\">lepsz\u0105 pr\u0119dko\u015b\u0107, kontrol\u0119 i komfort jazdy<\/strong>.<\/p>\n<\/li>\n<li data-start=\"1963\" data-end=\"2093\">\n<p data-start=\"1965\" data-end=\"2093\"><strong data-start=\"1965\" data-end=\"1997\">23 mm szeroko\u015bci wewn\u0119trznej<\/strong> umo\u017cliwia stosowanie opon od 25 mm, jednak najlepsze osi\u0105gi uzyskiwane s\u0105 z oponami 27\u201328 mm.<\/p>\n<\/li>\n<li data-start=\"2094\" data-end=\"2202\">\n<p data-start=\"2096\" data-end=\"2202\">W pe\u0142ni karbonowa konstrukcja, zaprojektowana specjalnie pod jazd\u0119 bezd\u0119tkow\u0105 i wysok\u0105 sztywno\u015b\u0107 boczn\u0105.<\/p>\n<\/li>\n<li data-start=\"2203\" data-end=\"2345\">\n<p data-start=\"2205\" data-end=\"2345\"><strong data-start=\"2205\" data-end=\"2227\">Wide Hookless Bead<\/strong> \u2013 specjalny profil obr\u0119czy poprawia wsp\u00f3\u0142prac\u0119 z szerokimi oponami i zwi\u0119ksza bezpiecze\u0144stwo przy niskim ci\u015bnieniu.<\/p>\n<\/li>\n<li data-start=\"2346\" data-end=\"2461\">\n<p data-start=\"2348\" data-end=\"2461\"><strong data-start=\"2348\" data-end=\"2397\">Piasty ENVE INNERDRIVE\u2122 Premium Straight-Pull<\/strong> \u2013 szybka reakcja, niska masa, wysoka trwa\u0142o\u015b\u0107 i \u0142atwy serwis.<\/p>\n<\/li>\n<li data-start=\"2462\" data-end=\"2608\">\n<p data-start=\"2464\" data-end=\"2608\">Doskona\u0142a odporno\u015b\u0107 na boczny wiatr \u2013 profil obr\u0119czy minimalizuje turbulencje i poprawia stabilno\u015b\u0107 prowadzenia nawet przy silnych podmuchach.<\/p>\n<\/li>\n<li data-start=\"2609\" data-end=\"2697\">\n<p data-start=\"2611\" data-end=\"2697\">Przeznaczone wy\u0142\u0105cznie do jazdy szosowej \u2013 niezalecane do gravelu i jazdy terenowej.<\/p>\n<\/li>\n<\/ul>\n<h2 data-start=\"2704\" data-end=\"2719\">Podsumowanie<\/h2>\n<p data-start=\"2720\" data-end=\"3003\"><strong data-start=\"2720\" data-end=\"2736\">ENVE SES 6.7<\/strong> to ko\u0142a stworzone dla kolarzy, kt\u00f3rzy oczekuj\u0105 <strong data-start=\"2784\" data-end=\"2832\">maksymalnej pr\u0119dko\u015bci i wydajno\u015bci na szosie<\/strong>. Zaawansowana aerodynamika, nowoczesna konstrukcja i dopracowane detale sprawiaj\u0105, \u017ce jest to zestaw gotowy do walki o ka\u017cd\u0105 sekund\u0119 \u2014 od wy\u015bcig\u00f3w po najszybsze treningi.<\/p>\n","protected":false},"excerpt":{"rendered":"<h3 data-start=\"174\" data-end=\"195\">ENVE SES 6.7<\/h3>\n<h3 data-start=\"196\" data-end=\"237\"><strong data-start=\"196\" data-end=\"237\">Wy\u015bcigowy komplet k\u00f3\u0142 bez kompromis\u00f3w<\/strong><\/h3>\n","protected":false},"featured_media":12969,"comment_status":"open","ping_status":"closed","template":"","meta":{"inline_featured_image":false},"product_cat":[80,172,90],"product_tag":[],"class_list":{"0":"post-12968","1":"product","2":"type-product","3":"status-publish","4":"has-post-thumbnail","6":"product_cat-czesci","7":"product_cat-enve","8":"product_cat-kola","10":"first","11":"onbackorder","12":"taxable","13":"shipping-taxable","14":"purchasable","15":"product-type-simple"},"_links":{"self":[{"href":"https:\/\/cycling-boutique.com\/index.php?rest_route=\/wp\/v2\/product\/12968","targetHints":{"allow":["GET"]}}],"collection":[{"href":"https:\/\/cycling-boutique.com\/index.php?rest_route=\/wp\/v2\/product"}],"about":[{"href":"https:\/\/cycling-boutique.com\/index.php?rest_route=\/wp\/v2\/types\/product"}],"replies":[{"embeddable":true,"href":"https:\/\/cycling-boutique.com\/index.php?rest_route=%2Fwp%2Fv2%2Fcomments&post=12968"}],"wp:featuredmedia":[{"embeddable":true,"href":"https:\/\/cycling-boutique.com\/index.php?rest_route=\/wp\/v2\/media\/12969"}],"wp:attachment":[{"href":"https:\/\/cycling-boutique.com\/index.php?rest_route=%2Fwp%2Fv2%2Fmedia&parent=12968"}],"wp:term":[{"taxonomy":"product_cat","embeddable":true,"href":"https:\/\/cycling-boutique.com\/index.php?rest_route=%2Fwp%2Fv2%2Fproduct_cat&post=12968"},{"taxonomy":"product_tag","embeddable":true,"href":"https:\/\/cycling-boutique.com\/index.php?rest_route=%2Fwp%2Fv2%2Fproduct_tag&post=12968"}],"curies":[{"name":"wp","href":"https:\/\/api.w.org\/{rel}","templated":true}]}}