{"id":13057,"date":"2026-02-17T14:51:44","date_gmt":"2026-02-17T14:51:44","guid":{"rendered":"https:\/\/cycling-boutique.com\/?post_type=product&#038;p=13057"},"modified":"2026-02-17T14:54:36","modified_gmt":"2026-02-17T14:54:36","slug":"cannondale-super-six-evo-lab71-raw-frame","status":"publish","type":"product","link":"https:\/\/cycling-boutique.com\/?product=cannondale-super-six-evo-lab71-raw-frame","title":{"rendered":"CANNONDALE SUPER SIX EVO LAB71 RAW FRAME"},"content":{"rendered":"<h2 data-start=\"0\" data-end=\"47\">Faster Everywhere \u2013 pr\u0119dko\u015b\u0107 bez kompromis\u00f3w<\/h2>\n<p data-start=\"49\" data-end=\"471\">Marzenia o perfekcyjnej maszynie wy\u015bcigowej zaczynaj\u0105 si\u0119 w\u0142a\u015bnie tutaj. Najnowsza ods\u0142ona kultowej serii <strong data-start=\"155\" data-end=\"177\">SuperSix EVO LAB71<\/strong> od <strong data-start=\"181\" data-end=\"222\"><span class=\"hover:entity-accent entity-underline inline cursor-pointer align-baseline\"><span class=\"whitespace-normal\">Cannondale<\/span><\/span><\/strong> to kwintesencja lekko\u015bci, aerodynamiki i bezkompromisowej technologii. Rama i widelec w ultralekkiej konstrukcji <strong data-start=\"336\" data-end=\"355\">Series 0 Carbon<\/strong> z integracj\u0105 Delta Steerer oraz karbonowa sztyca Cannondale C1 Aero 40 Ti tworz\u0105 platform\u0119 stworzon\u0105 do wygrywania.<\/p>\n<p data-start=\"473\" data-end=\"701\">To konstrukcja o ultraniskiej masie, z indywidualnym layupem dopasowanym do rozmiaru i wy\u015bcigow\u0105 geometri\u0105 wybran\u0105 przez zawodnik\u00f3w <strong data-start=\"605\" data-end=\"646\"><span class=\"hover:entity-accent entity-underline inline cursor-pointer align-baseline\"><span class=\"whitespace-normal\">EF Pro Cycling<\/span><\/span><\/strong>. Kiedy liczy si\u0119 ka\u017cda sekunda \u2013 wyb\u00f3r jest oczywisty.<\/p>\n<h2 data-start=\"708\" data-end=\"738\">Dlaczego Faster Everywhere?<\/h2>\n<h3 data-start=\"740\" data-end=\"773\">Ultralekka rama Gen 5 LAB71<\/h3>\n<p data-start=\"774\" data-end=\"924\">Seria 0 Carbon \u2013 najl\u017cejsza i najbardziej zaawansowana konstrukcja w historii Cannondale. Niska masa, wysoka sztywno\u015b\u0107 i zoptymalizowana aerodynamika.<\/p>\n<h3 data-start=\"926\" data-end=\"978\">Widelec SuperSix EVO Gen 5 LAB71 Delta Steerer<\/h3>\n<p data-start=\"979\" data-end=\"1130\">Smuk\u0142a integracja przewod\u00f3w i dopracowana aerodynamika. Konstrukcja z w\u0142\u00f3kna w\u0119glowego Series 0 zapewnia precyzj\u0119 prowadzenia i maksymaln\u0105 efektywno\u015b\u0107.<\/p>\n<h3 data-start=\"1132\" data-end=\"1176\">Sztyca Cannondale C1 Aero 40 V2 Carbon<\/h3>\n<p data-start=\"1177\" data-end=\"1285\">Ultralekka konstrukcja z tytanowymi elementami monta\u017cowymi \u2013 jeszcze mniej gram\u00f3w, jeszcze wi\u0119cej pr\u0119dko\u015bci.<\/p>\n<h3 data-start=\"1287\" data-end=\"1325\">Aero detale, kt\u00f3re robi\u0105 r\u00f3\u017cnic\u0119<\/h3>\n<p data-start=\"1326\" data-end=\"1472\">Zestaw Cannondale Gripper Aero Bottles oraz Carbon Gripper Aero Cages poprawia w\u0142a\u015bciwo\u015bci aerodynamiczne i utrzymuje nawodnienie bez kompromis\u00f3w.<\/p>\n<h2 data-start=\"1479\" data-end=\"1505\">Specyfikacja techniczna<\/h2>\n<p data-start=\"1507\" data-end=\"1574\"><strong data-start=\"1507\" data-end=\"1517\">Kolor:<\/strong> EFP<br data-start=\"1542\" data-end=\"1545\" \/><strong data-start=\"1545\" data-end=\"1559\">Platforma:<\/strong> SUPER SIX G3<\/p>\n<p data-start=\"1576\" data-end=\"1734\"><strong data-start=\"1576\" data-end=\"1585\">Rama:<\/strong><br data-start=\"1585\" data-end=\"1588\" \/>LAB71 SuperSix EVO, Gen 5, Ultralight Series 0 Carbon, 12&#215;142 thru-axle, BSA 68mm (gwintowany), flat mount disc, zintegrowany zacisk sztycy, UDH<\/p>\n<p data-start=\"1736\" data-end=\"1978\"><strong data-start=\"1736\" data-end=\"1748\">Widelec:<\/strong><br data-start=\"1748\" data-end=\"1751\" \/>LAB71 SuperSix EVO, Gen 5, Ultralight Series 0 Carbon, zintegrowana bie\u017cnia ster\u00f3w, 12x100mm thru-axle, flat mount disc, wewn\u0119trzne prowadzenie przewod\u00f3w, 1-1\/8&#8243; \u2013 1-1\/4&#8243; Delta steerer, offset 55mm (44\u201354 cm), 45mm (56\u201361 cm)<\/p>\n<p data-start=\"1980\" data-end=\"2033\"><strong data-start=\"1980\" data-end=\"1999\">\u0141o\u017cyska ster\u00f3w:<\/strong><br data-start=\"1999\" data-end=\"2002\" \/>Zintegrowane, 1-1\/8&#8243; \u2013 1-1\/4&#8243;<\/p>\n<p data-start=\"2035\" data-end=\"2143\"><strong data-start=\"2035\" data-end=\"2046\">Sztyca:<\/strong><br data-start=\"2046\" data-end=\"2049\" \/>Cannondale C1 Aero 40 Carbon V2, tytanowe elementy, offset 0 mm (44\u201354 cm), 15 mm (56\u201361 cm)<\/p>\n<p data-start=\"2145\" data-end=\"2221\"><strong data-start=\"2145\" data-end=\"2157\">Dodatki:<\/strong><br data-start=\"2157\" data-end=\"2160\" \/>Cannondale Gripper Aero Bottles &amp; Carbon Gripper Aero Cages<\/p>\n<p data-start=\"2223\" data-end=\"2380\"><strong data-start=\"2223\" data-end=\"2247\">GPSR \u2013 kontakt w UE:<\/strong><br data-start=\"2247\" data-end=\"2250\" \/>Cycling Sports Group Europe B.V.<br data-start=\"2282\" data-end=\"2285\" \/>Geeresteinselaan 57, 3931JB Woudenberg, Holandia<br data-start=\"2333\" data-end=\"2336\" \/>Tel.: +31 88 1971 500<br data-start=\"2357\" data-end=\"2360\" \/><a class=\"decorated-link cursor-pointer\" target=\"_new\" rel=\"noopener\" data-start=\"2360\" data-end=\"2378\">www.cannondale.com<\/a><\/p>\n<hr data-start=\"2382\" data-end=\"2385\" \/>\n","protected":false},"excerpt":{"rendered":"<h3 data-start=\"0\" data-end=\"47\">Faster Everywhere \u2013 pr\u0119dko\u015b\u0107 bez kompromis\u00f3w<\/h3>\n<h3 data-start=\"49\" data-end=\"471\">Marzenia o perfekcyjnej maszynie wy\u015bcigowej zaczynaj\u0105 si\u0119 w\u0142a\u015bnie tutaj. Najnowsza ods\u0142ona kultowej serii <strong data-start=\"155\" data-end=\"177\">SuperSix EVO LAB71<\/strong> od <strong data-start=\"181\" data-end=\"222\"><span class=\"hover:entity-accent entity-underline inline cursor-pointer align-baseline\"><span class=\"whitespace-normal\">Cannondale<\/span><\/span><\/strong> to kwintesencja lekko\u015bci, aerodynamiki i bezkompromisowej technologii. Rama i widelec w ultralekkiej konstrukcji <strong data-start=\"336\" data-end=\"355\">Series 0 Carbon<\/strong> z integracj\u0105 Delta Steerer oraz karbonowa sztyca Cannondale C1 Aero 40 Ti tworz\u0105 platform\u0119 stworzon\u0105 do wygrywania.<\/h3>\n<h3 data-start=\"473\" data-end=\"701\">To konstrukcja o ultraniskiej masie, z indywidualnym layupem dopasowanym do rozmiaru i wy\u015bcigow\u0105 geometri\u0105 wybran\u0105 przez zawodnik\u00f3w <strong data-start=\"605\" data-end=\"646\"><span class=\"hover:entity-accent entity-underline inline cursor-pointer align-baseline\"><span class=\"whitespace-normal\">EF Pro Cycling<\/span><\/span><\/strong>. Kiedy liczy si\u0119 ka\u017cda sekunda \u2013 wyb\u00f3r jest oczywisty.<\/h3>\n","protected":false},"featured_media":13066,"comment_status":"open","ping_status":"closed","template":"","meta":{"inline_featured_image":false},"product_cat":[186,86],"product_tag":[],"class_list":{"0":"post-13057","1":"product","2":"type-product","3":"status-publish","4":"has-post-thumbnail","6":"product_cat-cannondale","7":"product_cat-ramy","9":"first","10":"onbackorder","11":"taxable","12":"shipping-taxable","13":"purchasable","14":"product-type-variable"},"_links":{"self":[{"href":"https:\/\/cycling-boutique.com\/index.php?rest_route=\/wp\/v2\/product\/13057","targetHints":{"allow":["GET"]}}],"collection":[{"href":"https:\/\/cycling-boutique.com\/index.php?rest_route=\/wp\/v2\/product"}],"about":[{"href":"https:\/\/cycling-boutique.com\/index.php?rest_route=\/wp\/v2\/types\/product"}],"replies":[{"embeddable":true,"href":"https:\/\/cycling-boutique.com\/index.php?rest_route=%2Fwp%2Fv2%2Fcomments&post=13057"}],"wp:featuredmedia":[{"embeddable":true,"href":"https:\/\/cycling-boutique.com\/index.php?rest_route=\/wp\/v2\/media\/13066"}],"wp:attachment":[{"href":"https:\/\/cycling-boutique.com\/index.php?rest_route=%2Fwp%2Fv2%2Fmedia&parent=13057"}],"wp:term":[{"taxonomy":"product_cat","embeddable":true,"href":"https:\/\/cycling-boutique.com\/index.php?rest_route=%2Fwp%2Fv2%2Fproduct_cat&post=13057"},{"taxonomy":"product_tag","embeddable":true,"href":"https:\/\/cycling-boutique.com\/index.php?rest_route=%2Fwp%2Fv2%2Fproduct_tag&post=13057"}],"curies":[{"name":"wp","href":"https:\/\/api.w.org\/{rel}","templated":true}]}}