{"id":13093,"date":"2026-02-18T12:23:37","date_gmt":"2026-02-18T12:23:37","guid":{"rendered":"https:\/\/cycling-boutique.com\/?post_type=product&#038;p=13093"},"modified":"2026-02-18T12:23:38","modified_gmt":"2026-02-18T12:23:38","slug":"gavia-garmin-mount-x-pinarello-most-talon-ultra-fast-light","status":"publish","type":"product","link":"https:\/\/cycling-boutique.com\/?product=gavia-garmin-mount-x-pinarello-most-talon-ultra-fast-light","title":{"rendered":"Gavia Garmin Mount x Pinarello Most Talon Ultra Fast &#038; Light"},"content":{"rendered":"<p data-start=\"0\" data-end=\"64\"><strong data-start=\"0\" data-end=\"64\">Gavia Garmin Mount x Pinarello Most Talon Ultra Fast &amp; Light<\/strong><\/p>\n<p data-start=\"66\" data-end=\"342\">Gavia to nasz ekstremalnie lekki uchwyt typu out-front, zaprojektowany wy\u0142\u0105cznie do kokpit\u00f3w <span class=\"hover:entity-accent entity-underline inline cursor-pointer align-baseline\"><span class=\"whitespace-normal\">Pinarello<\/span><\/span> Most Ultra Light oraz Most Ultra Fast 2025. Stworzony z my\u015bl\u0105 o maksymalnej integracji, perfekcyjnym dopasowaniu i bezkompromisowej aerodynamice.<\/p>\n<p data-start=\"344\" data-end=\"617\">Wykonany w 100% z najwy\u017cszej jako\u015bci czystego w\u0142\u00f3kna w\u0119glowego, gwarantuje wyj\u0105tkow\u0105 wytrzyma\u0142o\u015b\u0107, sztywno\u015b\u0107 oraz niezawodno\u015b\u0107 przy zachowaniu ultraniskiej masy. Ka\u017cdy egzemplarz jest r\u0119cznie produkowany w naszym warsztacie we W\u0142oszech, z dba\u0142o\u015bci\u0105 o najdrobniejsze detale.<\/p>\n<h3 data-start=\"619\" data-end=\"646\">Specyfikacja techniczna<\/h3>\n<ul data-start=\"647\" data-end=\"905\">\n<li data-start=\"647\" data-end=\"734\">\n<p data-start=\"649\" data-end=\"734\"><strong data-start=\"649\" data-end=\"679\">Kompatybilno\u015b\u0107 kierownicy:<\/strong> Pinarello Most Ultra Light oraz Most Ultra Fast 2025<\/p>\n<\/li>\n<li data-start=\"735\" data-end=\"798\">\n<p data-start=\"737\" data-end=\"798\"><strong data-start=\"737\" data-end=\"749\">D\u0142ugo\u015b\u0107:<\/strong> One size (normal) \u2013 kompatybilny z Garmin 1050<\/p>\n<\/li>\n<li data-start=\"799\" data-end=\"823\">\n<p data-start=\"801\" data-end=\"823\"><strong data-start=\"801\" data-end=\"810\">Waga:<\/strong> tylko 18 g<\/p>\n<\/li>\n<li data-start=\"824\" data-end=\"863\">\n<p data-start=\"826\" data-end=\"863\"><strong data-start=\"826\" data-end=\"839\">Materia\u0142:<\/strong> wysokiej klasy carbon<\/p>\n<\/li>\n<li data-start=\"864\" data-end=\"905\">\n<p data-start=\"866\" data-end=\"905\"><strong data-start=\"866\" data-end=\"880\">Produkcja:<\/strong> 100% handmade \u2013 W\u0142ochy<\/p>\n<\/li>\n<\/ul>\n<h3 data-start=\"907\" data-end=\"923\">Zestaw Combo<\/h3>\n<p data-start=\"924\" data-end=\"1150\">W komplecie znajduje si\u0119 odpinany zestaw combo (mocowanie pod lampk\u0119 lub kamer\u0119), kt\u00f3ry mo\u017cna zdemontowa\u0107 za pomoc\u0105 jednej \u015bruby. To rozwi\u0105zanie zapewnia pe\u0142n\u0105 funkcjonalno\u015b\u0107 bez kompromis\u00f3w w zakresie estetyki i aerodynamiki.<\/p>\n<h3 data-start=\"1152\" data-end=\"1173\">Zawarto\u015b\u0107 pude\u0142ka<\/h3>\n<ul data-start=\"1174\" data-end=\"1279\">\n<li data-start=\"1174\" data-end=\"1190\">\n<p data-start=\"1176\" data-end=\"1190\">uchwyt Gavia<\/p>\n<\/li>\n<li data-start=\"1191\" data-end=\"1209\">\n<p data-start=\"1193\" data-end=\"1209\">tytanowa \u015bruba<\/p>\n<\/li>\n<li data-start=\"1210\" data-end=\"1238\">\n<p data-start=\"1212\" data-end=\"1238\">g\u0142owica Garmin lub Wahoo<\/p>\n<\/li>\n<li data-start=\"1239\" data-end=\"1279\">\n<p data-start=\"1241\" data-end=\"1279\">zestaw combo (pod lampk\u0119 lub kamer\u0119)<\/p>\n<\/li>\n<\/ul>\n<p data-start=\"1281\" data-end=\"1443\" data-is-last-node=\"\" data-is-only-node=\"\"><strong data-start=\"1281\" data-end=\"1290\">Gavia<\/strong> to po\u0142\u0105czenie minimalnej wagi, maksymalnej sztywno\u015bci i perfekcyjnej integracji \u2013 stworzone dla najbardziej wymagaj\u0105cych u\u017cytkownik\u00f3w rower\u00f3w Pinarello.<\/p>\n","protected":false},"excerpt":{"rendered":"<h3>Gavia to nasz ekstremalnie lekki uchwyt typu out-front, zaprojektowany wy\u0142\u0105cznie do kokpit\u00f3w <span class=\"hover:entity-accent entity-underline inline cursor-pointer align-baseline\"><span class=\"whitespace-normal\">Pinarello<\/span><\/span> Most Ultra Light oraz Most Ultra Fast 2025. Stworzony z my\u015bl\u0105 o maksymalnej integracji, perfekcyjnym dopasowaniu i bezkompromisowej aerodynamice.<\/h3>\n","protected":false},"featured_media":13096,"comment_status":"open","ping_status":"closed","template":"","meta":{"inline_featured_image":false},"product_cat":[158,89],"product_tag":[],"class_list":{"0":"post-13093","1":"product","2":"type-product","3":"status-publish","4":"has-post-thumbnail","6":"product_cat-alpitude","7":"product_cat-bizuteria-rowerowa","9":"first","10":"instock","11":"taxable","12":"shipping-taxable","13":"purchasable","14":"product-type-simple"},"_links":{"self":[{"href":"https:\/\/cycling-boutique.com\/index.php?rest_route=\/wp\/v2\/product\/13093","targetHints":{"allow":["GET"]}}],"collection":[{"href":"https:\/\/cycling-boutique.com\/index.php?rest_route=\/wp\/v2\/product"}],"about":[{"href":"https:\/\/cycling-boutique.com\/index.php?rest_route=\/wp\/v2\/types\/product"}],"replies":[{"embeddable":true,"href":"https:\/\/cycling-boutique.com\/index.php?rest_route=%2Fwp%2Fv2%2Fcomments&post=13093"}],"wp:featuredmedia":[{"embeddable":true,"href":"https:\/\/cycling-boutique.com\/index.php?rest_route=\/wp\/v2\/media\/13096"}],"wp:attachment":[{"href":"https:\/\/cycling-boutique.com\/index.php?rest_route=%2Fwp%2Fv2%2Fmedia&parent=13093"}],"wp:term":[{"taxonomy":"product_cat","embeddable":true,"href":"https:\/\/cycling-boutique.com\/index.php?rest_route=%2Fwp%2Fv2%2Fproduct_cat&post=13093"},{"taxonomy":"product_tag","embeddable":true,"href":"https:\/\/cycling-boutique.com\/index.php?rest_route=%2Fwp%2Fv2%2Fproduct_tag&post=13093"}],"curies":[{"name":"wp","href":"https:\/\/api.w.org\/{rel}","templated":true}]}}