{"id":13358,"date":"2026-03-04T09:53:07","date_gmt":"2026-03-04T09:53:07","guid":{"rendered":"https:\/\/cycling-boutique.com\/?post_type=product&#038;p=13358"},"modified":"2026-03-04T10:28:35","modified_gmt":"2026-03-04T10:28:35","slug":"pinarello-dogma-gr-luxter-blue-shinny","status":"publish","type":"product","link":"https:\/\/cycling-boutique.com\/?product=pinarello-dogma-gr-luxter-blue-shinny","title":{"rendered":"Pinarello Dogma GR Luxter Blue Shinny"},"content":{"rendered":"<h2 data-start=\"0\" data-end=\"51\">Pinarello Dogma GR \u2013 wy\u015bcigowa definicja gravelu<\/h2>\n<p data-start=\"53\" data-end=\"375\"><strong data-start=\"53\" data-end=\"75\">Pinarello DOGMA GR<\/strong> to topowy frameset gravelowy w\u0142oskiej marki <span class=\"hover:entity-accent entity-underline inline cursor-pointer align-baseline\"><span class=\"whitespace-normal\">Pinarello<\/span><\/span>, zaprojektowany z my\u015bl\u0105 o \u015bciganiu, wysokich pr\u0119dko\u015bciach i maksymalnej kontroli w wymagaj\u0105cym terenie. To konstrukcja dla ambitnych zawodnik\u00f3w oraz kolarzy, kt\u00f3rzy chc\u0105 zbudowa\u0107 bezkompromisow\u0105 maszyn\u0119 klasy premium.<\/p>\n<h2 data-start=\"382\" data-end=\"411\">Do czego zosta\u0142 stworzony?<\/h2>\n<p data-start=\"413\" data-end=\"441\">DOGMA GR powsta\u0142a z my\u015bl\u0105 o:<\/p>\n<ul data-start=\"442\" data-end=\"640\">\n<li data-start=\"442\" data-end=\"485\">\n<p data-start=\"444\" data-end=\"485\">wy\u015bcigach gravelowych i maratonach ultra,<\/p>\n<\/li>\n<li data-start=\"486\" data-end=\"541\">\n<p data-start=\"488\" data-end=\"541\">szybkiej je\u017adzie po szutrach i mieszanej nawierzchni,<\/p>\n<\/li>\n<li data-start=\"542\" data-end=\"591\">\n<p data-start=\"544\" data-end=\"591\">maksymalnej efektywno\u015bci na d\u0142ugich dystansach,<\/p>\n<\/li>\n<li data-start=\"592\" data-end=\"640\">\n<p data-start=\"594\" data-end=\"640\">dynamicznym pokonywaniu technicznych odcink\u00f3w.<\/p>\n<\/li>\n<\/ul>\n<p data-start=\"642\" data-end=\"749\">\u0141\u0105czy aerodynamiczne DNA modeli szosowych DOGMA z geometri\u0105 i stabilno\u015bci\u0105 niezb\u0119dn\u0105 w gravelowym \u015bciganiu.<\/p>\n<hr data-start=\"751\" data-end=\"754\" \/>\n<h2 data-start=\"756\" data-end=\"788\">Najwa\u017cniejsze cechy framesetu<\/h2>\n<h3 data-start=\"790\" data-end=\"816\">\ud83d\udd25 Wy\u015bcigowa geometria<\/h3>\n<p data-start=\"817\" data-end=\"854\">Agresywna, sportowa pozycja zapewnia:<\/p>\n<ul data-start=\"855\" data-end=\"993\">\n<li data-start=\"855\" data-end=\"904\">\n<p data-start=\"857\" data-end=\"904\">precyzyjne prowadzenie przy wysokiej pr\u0119dko\u015bci,<\/p>\n<\/li>\n<li data-start=\"905\" data-end=\"940\">\n<p data-start=\"907\" data-end=\"940\">stabilno\u015b\u0107 na lu\u017anej nawierzchni,<\/p>\n<\/li>\n<li data-start=\"941\" data-end=\"993\">\n<p data-start=\"943\" data-end=\"993\">natychmiastow\u0105 reakcj\u0119 na zmian\u0119 tempa i kierunku.<\/p>\n<\/li>\n<\/ul>\n<h3 data-start=\"995\" data-end=\"1021\">\ud83d\udc8e Zaawansowany karbon<\/h3>\n<p data-start=\"1022\" data-end=\"1081\">Rama wykonana z wysokomodularnego w\u0142\u00f3kna w\u0119glowego oferuje:<\/p>\n<ul data-start=\"1082\" data-end=\"1206\">\n<li data-start=\"1082\" data-end=\"1122\">\n<p data-start=\"1084\" data-end=\"1122\">znakomity stosunek sztywno\u015bci do masy,<\/p>\n<\/li>\n<li data-start=\"1123\" data-end=\"1154\">\n<p data-start=\"1125\" data-end=\"1154\">efektywne przeniesienie mocy,<\/p>\n<\/li>\n<li data-start=\"1155\" data-end=\"1206\">\n<p data-start=\"1157\" data-end=\"1206\">kontrolowan\u0105 absorpcj\u0119 drga\u0144 bez utraty dynamiki.<\/p>\n<\/li>\n<\/ul>\n<h3 data-start=\"1208\" data-end=\"1236\">\u26a1 Aerodynamika w gravelu<\/h3>\n<p data-start=\"1237\" data-end=\"1406\">Profilowane rury i w pe\u0142ni zintegrowane prowadzenie przewod\u00f3w redukuj\u0105 op\u00f3r powietrza, co ma realne znaczenie podczas szybkich odcink\u00f3w szutrowych i wy\u015bcigowych finiszy.<\/p>\n<h3 data-start=\"1408\" data-end=\"1441\">\ud83c\udf0d Prze\u015bwit na opony do 42 mm<\/h3>\n<p data-start=\"1442\" data-end=\"1610\">Frameset umo\u017cliwia monta\u017c opon <strong data-start=\"1473\" data-end=\"1485\">do 42 mm<\/strong>, co pozwala dobra\u0107 ogumienie pod charakter trasy \u2013 od szybkiego, twardego szutru po bardziej wymagaj\u0105ce, lu\u017ane nawierzchnie.<\/p>\n<h3 data-start=\"1612\" data-end=\"1639\">\ud83c\udfaf Nowoczesne standardy<\/h3>\n<ul data-start=\"1640\" data-end=\"1777\">\n<li data-start=\"1640\" data-end=\"1684\">\n<p data-start=\"1642\" data-end=\"1684\">kompatybilno\u015b\u0107 z nap\u0119dami elektronicznymi,<\/p>\n<\/li>\n<li data-start=\"1685\" data-end=\"1700\">\n<p data-start=\"1687\" data-end=\"1700\">sztywne osie,<\/p>\n<\/li>\n<li data-start=\"1701\" data-end=\"1777\">\n<p data-start=\"1703\" data-end=\"1777\">nowoczesne rozwi\u0105zania konstrukcyjne dla maksymalnej precyzji prowadzenia.<\/p>\n<\/li>\n<\/ul>\n<hr data-start=\"1779\" data-end=\"1782\" \/>\n<h2 data-start=\"1784\" data-end=\"1818\">Oferta dotyczy samego framesetu<\/h2>\n<p data-start=\"1820\" data-end=\"1844\">W sk\u0142ad zestawu wchodzi:<\/p>\n<ul data-start=\"1845\" data-end=\"1947\">\n<li data-start=\"1845\" data-end=\"1871\">\n<p data-start=\"1847\" data-end=\"1871\">rama Pinarello DOGMA GR,<\/p>\n<\/li>\n<li data-start=\"1872\" data-end=\"1903\">\n<p data-start=\"1874\" data-end=\"1903\">dedykowany widelec karbonowy,<\/p>\n<\/li>\n<li data-start=\"1904\" data-end=\"1947\">\n<p data-start=\"1906\" data-end=\"1947\">stery oraz elementy monta\u017cowe producenta.<\/p>\n<\/li>\n<\/ul>\n<p data-start=\"1949\" data-end=\"2109\"><strong data-start=\"1949\" data-end=\"1984\">Kokpit nie jest cz\u0119\u015bci\u0105 zestawu<\/strong> \u2013 jest dost\u0119pny dodatkowo jako opcja p\u0142atna, w wielu rozmiarach, co pozwala idealnie dopasowa\u0107 pozycj\u0119 do potrzeb zawodnika.<\/p>\n<hr data-start=\"2111\" data-end=\"2114\" \/>\n<h2 data-start=\"2116\" data-end=\"2142\">Dla kogo jest DOGMA GR?<\/h2>\n<p data-start=\"2144\" data-end=\"2164\">Dla kolarzy, kt\u00f3rzy:<\/p>\n<ul data-start=\"2165\" data-end=\"2354\">\n<li data-start=\"2165\" data-end=\"2200\">\n<p data-start=\"2167\" data-end=\"2200\">startuj\u0105 w wy\u015bcigach gravelowych,<\/p>\n<\/li>\n<li data-start=\"2201\" data-end=\"2246\">\n<p data-start=\"2203\" data-end=\"2246\">oczekuj\u0105 maksymalnej sztywno\u015bci i precyzji,<\/p>\n<\/li>\n<li data-start=\"2247\" data-end=\"2299\">\n<p data-start=\"2249\" data-end=\"2299\">chc\u0105 zbudowa\u0107 indywidualn\u0105 konfiguracj\u0119 klasy PRO,<\/p>\n<\/li>\n<li data-start=\"2300\" data-end=\"2354\">\n<p data-start=\"2302\" data-end=\"2354\">ceni\u0105 wy\u015bcigowe DNA i w\u0142oski design marki Pinarello.<\/p>\n<\/li>\n<\/ul>\n<p data-start=\"2356\" data-end=\"2457\" data-is-last-node=\"\" data-is-only-node=\"\"><strong data-start=\"2356\" data-end=\"2378\">Pinarello DOGMA GR<\/strong> to czysta esencja \u015bcigania w \u015bwiecie gravelu.<br data-start=\"2424\" data-end=\"2427\" \/>Bez kompromis\u00f3w. Tylko osi\u0105gi.<\/p>\n<p>&nbsp;<\/p>\n<h2 data-start=\"382\" data-end=\"411\">Do czego zosta\u0142 stworzony?<\/h2>\n<p data-start=\"413\" data-end=\"441\">DOGMA GR powsta\u0142a z my\u015bl\u0105 o:<\/p>\n<ul data-start=\"442\" data-end=\"640\">\n<li data-start=\"442\" data-end=\"485\">\n<p data-start=\"444\" data-end=\"485\">wy\u015bcigach gravelowych i maratonach ultra,<\/p>\n<\/li>\n<li data-start=\"486\" data-end=\"541\">\n<p data-start=\"488\" data-end=\"541\">szybkiej je\u017adzie po szutrach i mieszanej nawierzchni,<\/p>\n<\/li>\n<li data-start=\"542\" data-end=\"591\">\n<p data-start=\"544\" data-end=\"591\">maksymalnej efektywno\u015bci na d\u0142ugich dystansach,<\/p>\n<\/li>\n<li data-start=\"592\" data-end=\"640\">\n<p data-start=\"594\" data-end=\"640\">dynamicznym pokonywaniu technicznych odcink\u00f3w.<\/p>\n<\/li>\n<\/ul>\n<p data-start=\"642\" data-end=\"749\">\u0141\u0105czy aerodynamiczne DNA modeli szosowych DOGMA z geometri\u0105 i stabilno\u015bci\u0105 niezb\u0119dn\u0105 w gravelowym \u015bciganiu.<\/p>\n<h2 data-start=\"756\" data-end=\"788\">Najwa\u017cniejsze cechy framesetu<\/h2>\n<h3 data-start=\"790\" data-end=\"816\">\ud83d\udd25 Wy\u015bcigowa geometria<\/h3>\n<p data-start=\"817\" data-end=\"854\">Agresywna, sportowa pozycja zapewnia:<\/p>\n<ul data-start=\"855\" data-end=\"993\">\n<li data-start=\"855\" data-end=\"904\">\n<p data-start=\"857\" data-end=\"904\">precyzyjne prowadzenie przy wysokiej pr\u0119dko\u015bci,<\/p>\n<\/li>\n<li data-start=\"905\" data-end=\"940\">\n<p data-start=\"907\" data-end=\"940\">stabilno\u015b\u0107 na lu\u017anej nawierzchni,<\/p>\n<\/li>\n<li data-start=\"941\" data-end=\"993\">\n<p data-start=\"943\" data-end=\"993\">natychmiastow\u0105 reakcj\u0119 na zmian\u0119 tempa i kierunku.<\/p>\n<\/li>\n<\/ul>\n<h3 data-start=\"995\" data-end=\"1021\">\ud83d\udc8e Zaawansowany karbon<\/h3>\n<p data-start=\"1022\" data-end=\"1081\">Rama wykonana z wysokomodularnego w\u0142\u00f3kna w\u0119glowego oferuje:<\/p>\n<ul data-start=\"1082\" data-end=\"1206\">\n<li data-start=\"1082\" data-end=\"1122\">\n<p data-start=\"1084\" data-end=\"1122\">znakomity stosunek sztywno\u015bci do masy,<\/p>\n<\/li>\n<li data-start=\"1123\" data-end=\"1154\">\n<p data-start=\"1125\" data-end=\"1154\">efektywne przeniesienie mocy,<\/p>\n<\/li>\n<li data-start=\"1155\" data-end=\"1206\">\n<p data-start=\"1157\" data-end=\"1206\">kontrolowan\u0105 absorpcj\u0119 drga\u0144 bez utraty dynamiki.<\/p>\n<\/li>\n<\/ul>\n<h3 data-start=\"1208\" data-end=\"1236\">\u26a1 Aerodynamika w gravelu<\/h3>\n<p data-start=\"1237\" data-end=\"1406\">Profilowane rury i w pe\u0142ni zintegrowane prowadzenie przewod\u00f3w redukuj\u0105 op\u00f3r powietrza, co ma realne znaczenie podczas szybkich odcink\u00f3w szutrowych i wy\u015bcigowych finiszy.<\/p>\n<h3 data-start=\"1408\" data-end=\"1441\">\ud83c\udf0d Prze\u015bwit na opony do 42 mm<\/h3>\n<p data-start=\"1442\" data-end=\"1610\">Frameset umo\u017cliwia monta\u017c opon <strong data-start=\"1473\" data-end=\"1485\">do 42 mm<\/strong>, co pozwala dobra\u0107 ogumienie pod charakter trasy \u2013 od szybkiego, twardego szutru po bardziej wymagaj\u0105ce, lu\u017ane nawierzchnie.<\/p>\n<h3 data-start=\"1612\" data-end=\"1639\">\ud83c\udfaf Nowoczesne standardy<\/h3>\n<ul data-start=\"1640\" data-end=\"1777\">\n<li data-start=\"1640\" data-end=\"1684\">\n<p data-start=\"1642\" data-end=\"1684\">kompatybilno\u015b\u0107 z nap\u0119dami elektronicznymi,<\/p>\n<\/li>\n<li data-start=\"1685\" data-end=\"1700\">\n<p data-start=\"1687\" data-end=\"1700\">sztywne osie,<\/p>\n<\/li>\n<li data-start=\"1701\" data-end=\"1777\">\n<p data-start=\"1703\" data-end=\"1777\">nowoczesne rozwi\u0105zania konstrukcyjne dla maksymalnej precyzji prowadzenia.<\/p>\n<\/li>\n<\/ul>\n<h2 data-start=\"1784\" data-end=\"1818\">Oferta dotyczy samego framesetu<\/h2>\n<p data-start=\"1820\" data-end=\"1844\">W sk\u0142ad zestawu wchodzi:<\/p>\n<ul data-start=\"1845\" data-end=\"1947\">\n<li data-start=\"1845\" data-end=\"1871\">\n<p data-start=\"1847\" data-end=\"1871\">rama Pinarello DOGMA GR,<\/p>\n<\/li>\n<li data-start=\"1872\" data-end=\"1903\">\n<p data-start=\"1874\" data-end=\"1903\">dedykowany widelec karbonowy,<\/p>\n<\/li>\n<li data-start=\"1904\" data-end=\"1947\">\n<p data-start=\"1906\" data-end=\"1947\">stery oraz elementy monta\u017cowe producenta.<\/p>\n<\/li>\n<\/ul>\n<p data-start=\"1949\" data-end=\"2109\"><strong data-start=\"1949\" data-end=\"1984\">Kokpit nie jest cz\u0119\u015bci\u0105 zestawu<\/strong> \u2013 jest dost\u0119pny dodatkowo jako opcja p\u0142atna, w wielu rozmiarach, co pozwala idealnie dopasowa\u0107 pozycj\u0119 do potrzeb zawodnika.<\/p>\n<h2 data-start=\"2116\" data-end=\"2142\">Dla kogo jest DOGMA GR?<\/h2>\n<p data-start=\"2144\" data-end=\"2164\">Dla kolarzy, kt\u00f3rzy:<\/p>\n<ul data-start=\"2165\" data-end=\"2354\">\n<li data-start=\"2165\" data-end=\"2200\">\n<p data-start=\"2167\" data-end=\"2200\">startuj\u0105 w wy\u015bcigach gravelowych,<\/p>\n<\/li>\n<li data-start=\"2201\" data-end=\"2246\">\n<p data-start=\"2203\" data-end=\"2246\">oczekuj\u0105 maksymalnej sztywno\u015bci i precyzji,<\/p>\n<\/li>\n<li data-start=\"2247\" data-end=\"2299\">\n<p data-start=\"2249\" data-end=\"2299\">chc\u0105 zbudowa\u0107 indywidualn\u0105 konfiguracj\u0119 klasy PRO,<\/p>\n<\/li>\n<li data-start=\"2300\" data-end=\"2354\">\n<p data-start=\"2302\" data-end=\"2354\">ceni\u0105 wy\u015bcigowe DNA i w\u0142oski design marki Pinarello.<\/p>\n<\/li>\n<\/ul>\n<p data-start=\"2356\" data-end=\"2457\" data-is-last-node=\"\" data-is-only-node=\"\"><strong data-start=\"2356\" data-end=\"2378\">Pinarello DOGMA GR<\/strong> to czysta esencja \u015bcigania w \u015bwiecie gravelu.<br data-start=\"2424\" data-end=\"2427\" \/>Bez kompromis\u00f3w. Tylko osi\u0105gi.<\/p>\n<div style=\"position:relative;padding-bottom:56.25%;height:0;overflow:hidden;\">\n  <iframe src=\"https:\/\/www.youtube.com\/embed\/I1ximbIBmiA\" \n  style=\"position:absolute;top:0;left:0;width:100%;height:100%;\" \n  frameborder=\"0\" allowfullscreen><\/iframe>\n<\/div>\n","protected":false},"excerpt":{"rendered":"<h3 data-start=\"0\" data-end=\"51\">Pinarello Dogma GR \u2013 wy\u015bcigowa definicja gravelu<\/h3>\n<h3 data-start=\"53\" data-end=\"375\"><strong data-start=\"53\" data-end=\"75\">Pinarello DOGMA GR<\/strong> to topowy frameset gravelowy w\u0142oskiej marki <span class=\"hover:entity-accent entity-underline inline cursor-pointer align-baseline\"><span class=\"whitespace-normal\">Pinarello<\/span><\/span>, zaprojektowany z my\u015bl\u0105 o \u015bciganiu, wysokich pr\u0119dko\u015bciach i maksymalnej kontroli w wymagaj\u0105cym terenie. To konstrukcja dla ambitnych zawodnik\u00f3w oraz kolarzy, kt\u00f3rzy chc\u0105 zbudowa\u0107 bezkompromisow\u0105 maszyn\u0119 klasy premium.<\/h3>\n","protected":false},"featured_media":13356,"comment_status":"open","ping_status":"closed","template":"","meta":{"inline_featured_image":false},"product_cat":[81,86,78],"product_tag":[],"class_list":{"0":"post-13358","1":"product","2":"type-product","3":"status-publish","4":"has-post-thumbnail","6":"product_cat-pinarello","7":"product_cat-ramy","8":"product_cat-rowery","10":"first","11":"onbackorder","12":"taxable","13":"shipping-taxable","14":"purchasable","15":"product-type-variable"},"_links":{"self":[{"href":"https:\/\/cycling-boutique.com\/index.php?rest_route=\/wp\/v2\/product\/13358","targetHints":{"allow":["GET"]}}],"collection":[{"href":"https:\/\/cycling-boutique.com\/index.php?rest_route=\/wp\/v2\/product"}],"about":[{"href":"https:\/\/cycling-boutique.com\/index.php?rest_route=\/wp\/v2\/types\/product"}],"replies":[{"embeddable":true,"href":"https:\/\/cycling-boutique.com\/index.php?rest_route=%2Fwp%2Fv2%2Fcomments&post=13358"}],"wp:featuredmedia":[{"embeddable":true,"href":"https:\/\/cycling-boutique.com\/index.php?rest_route=\/wp\/v2\/media\/13356"}],"wp:attachment":[{"href":"https:\/\/cycling-boutique.com\/index.php?rest_route=%2Fwp%2Fv2%2Fmedia&parent=13358"}],"wp:term":[{"taxonomy":"product_cat","embeddable":true,"href":"https:\/\/cycling-boutique.com\/index.php?rest_route=%2Fwp%2Fv2%2Fproduct_cat&post=13358"},{"taxonomy":"product_tag","embeddable":true,"href":"https:\/\/cycling-boutique.com\/index.php?rest_route=%2Fwp%2Fv2%2Fproduct_tag&post=13358"}],"curies":[{"name":"wp","href":"https:\/\/api.w.org\/{rel}","templated":true}]}}