{"id":13378,"date":"2026-03-04T10:15:20","date_gmt":"2026-03-04T10:15:20","guid":{"rendered":"https:\/\/cycling-boutique.com\/?post_type=product&#038;p=13378"},"modified":"2026-03-16T15:31:24","modified_gmt":"2026-03-16T15:31:24","slug":"colnago-c68-rosso-limited-edition","status":"publish","type":"product","link":"https:\/\/cycling-boutique.com\/?product=colnago-c68-rosso-limited-edition","title":{"rendered":"Colnago C68 Rosso Limited Edition"},"content":{"rendered":"<h2 data-start=\"0\" data-end=\"78\"><span class=\"inline align-baseline\"><span class=\"whitespace-normal\"><span class=\"hover:entity-accent entity-underline cursor-pointer\">C68 Rosso 41\/90 Limited Edition<\/span><\/span><\/span> \u2013 w\u0142oski kunszt i wy\u015bcigowa elegancja<\/h2>\n<p data-start=\"80\" data-end=\"463\"><span class=\"whitespace-normal\">Colnago<\/span> stworzy\u0142o legend\u0119, kt\u00f3ra \u0142\u0105czy w sobie tradycj\u0119, pasj\u0119 i najwy\u017csz\u0105 jako\u015b\u0107 wykonania z unikalnym stylem. <strong data-start=\"222\" data-end=\"263\"><span class=\"inline align-baseline\"><span class=\"whitespace-normal\"><span class=\"hover:entity-accent entity-underline cursor-pointer\">C68 Rosso 41\/90 Limited Edition<\/span><\/span><\/span><\/strong> to wyj\u0105tkowy model z serii C68 \u2013 nie tylko maszyna do jazdy, ale prawdziwe dzie\u0142o sztuki inspirowane wy\u015bcigiem <strong data-start=\"375\" data-end=\"397\">La Vuelta a Espa\u00f1a<\/strong> i bogat\u0105 kolarsk\u0105 histori\u0105.<\/p>\n<p>Dost\u0119pny rozmiar 53 &#8211; rozmiar\u00f3wka Colnago odpowiada rozmiarowi 56 i jest to przedzia\u0142 dla wzrostu 180-187<\/p>\n<hr data-start=\"465\" data-end=\"468\" \/>\n<h2 data-start=\"0\" data-end=\"81\"><span class=\"whitespace-normal\">Colnago C68 Rossa<\/span> \u2013 w\u0142oski road-bike w wyj\u0105tkowej ods\u0142onie<\/h2>\n<p data-start=\"301\" data-end=\"733\"><strong data-start=\"301\" data-end=\"322\">Colnago C68 Rossa<\/strong> to kolarska ikona w edycji limitowanej \u2013 po\u0142\u0105czenie <strong data-start=\"375\" data-end=\"520\">najwy\u017cszej jako\u015bci wykonania, legendy w\u0142oskiego rzemios\u0142a i inspiracji jedn\u0105 z najwa\u017cniejszych imprez kolarskich \u015bwiata: <em data-start=\"498\" data-end=\"518\">La Vuelta a Espa\u00f1a<\/em><\/strong>. Tylko <strong data-start=\"528\" data-end=\"546\">90 egzemplarzy<\/strong> tej wersji zostanie wyprodukowanych, ka\u017cdy z indywidualnym numerem i wyj\u0105tkowym designem, kt\u00f3ry celebruje spotkanie kultury w\u0142oskiej i hiszpa\u0144skiej.<\/p>\n<hr data-start=\"735\" data-end=\"738\" \/>\n<h2 data-start=\"740\" data-end=\"795\">Dlaczego C68 Rossa to co\u015b wi\u0119cej ni\u017c \u201ezwyk\u0142y\u201d rower?<\/h2>\n<h3 data-start=\"797\" data-end=\"845\">\ud83c\uddee\ud83c\uddf9 Limitowana edycja z dusz\u0105 Grand Touru<\/h3>\n<p data-start=\"846\" data-end=\"1229\">Model ten powsta\u0142 jako oficjalny rower <strong data-start=\"885\" data-end=\"903\">La Vuelta 2025<\/strong>, startuj\u0105cej w Turynie, a jego <strong data-start=\"935\" data-end=\"998\">Candy Red lakier z r\u0119cznie nak\u0142adan\u0105 srebrn\u0105 metalow\u0105 foli\u0105<\/strong> idealnie oddaje pasj\u0119, temperament i ducha tej wielkiej imprezy. Kolory o intensywnych rubinowych i granatowych odcieniach zmieniaj\u0105 si\u0119 w \u015bwietle, co dodaje maszynie wyj\u0105tkowej g\u0142\u0119bi i klasy.<\/p>\n<h3 data-start=\"1231\" data-end=\"1267\">\ud83c\udf00 R\u0119czna produkcja w Cambiago<\/h3>\n<p data-start=\"1268\" data-end=\"1562\">Ka\u017cde C68 Rossa jest <strong data-start=\"1289\" data-end=\"1321\">r\u0119cznie sk\u0142adane we W\u0142oszech<\/strong> \u2013 modularna konstrukcja karbonowa z 8 element\u00f3w gwarantuje niezwyk\u0142\u0105 lekko\u015b\u0107, sztywno\u015b\u0107 i doskona\u0142\u0105 responsywno\u015b\u0107. To podstawa, kt\u00f3r\u0105 doceni\u0105 zar\u00f3wno zawodowi kolarze, jak i entuzja\u015bci performance-ride.<\/p>\n<h3 data-start=\"1564\" data-end=\"1598\">\ud83d\udd27 Unikalne komponenty premium<\/h3>\n<p data-start=\"1599\" data-end=\"1754\">Ten model nie jest tylko wizualnym dzie\u0142em sztuki \u2013 <strong data-start=\"1651\" data-end=\"1753\">specjalne detale i komponenty powsta\u0142y we wsp\u00f3\u0142pracy z markami takimi jak Carbon-Ti i CeramicSpeed<\/strong>:<\/p>\n<ul data-start=\"1755\" data-end=\"2452\">\n<li data-start=\"1755\" data-end=\"1895\">\n<p data-start=\"1757\" data-end=\"1895\"><strong data-start=\"1757\" data-end=\"1803\">Carbon-Ti custom wargi o szeroko\u015bci 52-36T<\/strong> \u2013 limitowana edycja korby, dopasowana do C68 Rossa;<\/p>\n<\/li>\n<li data-start=\"1896\" data-end=\"2031\">\n<p data-start=\"1898\" data-end=\"2031\"><strong data-start=\"1898\" data-end=\"1950\">Carbon-Ti X-Rotor SteelCarbon 3 tarcze hamulcowe<\/strong> \u2013 lekkie, trwa\u0142e i doskonale modulowane;<\/p>\n<\/li>\n<li data-start=\"2032\" data-end=\"2165\">\n<p data-start=\"2034\" data-end=\"2165\">CeramicSpeed OSPW pulleys i inne elementy optymalizuj\u0105ce precyzj\u0119 zmian i sprawno\u015b\u0107 nap\u0119du;<\/p>\n<\/li>\n<li data-start=\"2166\" data-end=\"2262\">\n<p data-start=\"2168\" data-end=\"2262\">ENVE SES 4.5 r\u0119cznie zaplatane ko\u0142a specjalnej edycji;<\/p>\n<\/li>\n<li data-start=\"2263\" data-end=\"2452\">\n<p data-start=\"2265\" data-end=\"2452\">unikatowe detale takie jak 3D-drukowany koszyk na bidon inspirowany trofeum La Vuelty oraz limitowane grafiki i motywy (byk, wzory, klasyczna folia);<\/p>\n<\/li>\n<\/ul>\n<h3 data-start=\"2454\" data-end=\"2494\">\ud83c\udfa8 Design, kt\u00f3ry opowiada histori\u0119<\/h3>\n<p data-start=\"2495\" data-end=\"2820\">Motywy graficzne, inspiracje architektur\u0105 i kultur\u0105 oraz r\u0119cznie aplikowany lakier \u2013 to elementy, kt\u00f3re czyni\u0105 C68 Rossa <strong data-start=\"2616\" data-end=\"2690\">nie tylko narz\u0119dziem do wygrywania, ale kolekcjonerskim dzie\u0142em sztuki<\/strong>. Ka\u017cdy rower ma numer seryjny umieszczony na widelcu, co podkre\u015bla jego wyj\u0105tkowy status.<\/p>\n<hr data-start=\"2822\" data-end=\"2825\" \/>\n<h2 data-start=\"2827\" data-end=\"2855\">Kluczowe cechy techniczne<\/h2>\n<ul data-start=\"2857\" data-end=\"3454\">\n<li data-start=\"2857\" data-end=\"2982\">\n<p data-start=\"2859\" data-end=\"2982\"><strong data-start=\"2859\" data-end=\"2868\">Rama:<\/strong> modularna konstrukcja z w\u0142\u00f3kna w\u0119glowego, r\u0119czna produkcja we W\u0142oszech;<\/p>\n<\/li>\n<li data-start=\"2983\" data-end=\"3085\">\n<p data-start=\"2985\" data-end=\"3085\"><strong data-start=\"2985\" data-end=\"3004\">Grupa nap\u0119dowa:<\/strong> Shimano Dura-Ace R9270 Di2 12-rz\u0119dowa;<\/p>\n<\/li>\n<li data-start=\"3086\" data-end=\"3184\">\n<p data-start=\"3088\" data-end=\"3184\"><strong data-start=\"3088\" data-end=\"3098\">Korba:<\/strong> Carbon-Ti limitowana edycja Colnago 52-36T;<\/p>\n<\/li>\n<li data-start=\"3185\" data-end=\"3284\">\n<p data-start=\"3187\" data-end=\"3284\"><strong data-start=\"3187\" data-end=\"3199\">Hamulce:<\/strong> Shimano Dura-Ace R9270 z Carbon-Ti rotors;<\/p>\n<\/li>\n<li data-start=\"3285\" data-end=\"3367\">\n<p data-start=\"3287\" data-end=\"3367\"><strong data-start=\"3287\" data-end=\"3296\">Ko\u0142a:<\/strong> ENVE SES 4.5 CSR limitowane;<\/p>\n<\/li>\n<li data-start=\"3368\" data-end=\"3454\">\n<p data-start=\"3370\" data-end=\"3454\"><strong data-start=\"3370\" data-end=\"3380\">Opony:<\/strong> Pirelli P ZERO RACE TLR SL 28 mm;<\/p>\n<\/li>\n<\/ul>\n<hr data-start=\"3456\" data-end=\"3459\" \/>\n<h2 data-start=\"3461\" data-end=\"3496\">Dla kogo jest Colnago C68 Rossa?<\/h2>\n<p data-start=\"3498\" data-end=\"3575\">To rower dla pasjonat\u00f3w, kolekcjoner\u00f3w oraz ka\u017cdego, kto oczekuje od maszyny:<\/p>\n<ul data-start=\"3576\" data-end=\"3814\">\n<li data-start=\"3576\" data-end=\"3634\">\n<p data-start=\"3578\" data-end=\"3634\"><strong data-start=\"3578\" data-end=\"3634\">najwy\u017cszej jako\u015bci wykonania i precyzji prowadzenia,<\/strong><\/p>\n<\/li>\n<li data-start=\"3635\" data-end=\"3695\">\n<p data-start=\"3637\" data-end=\"3695\"><strong data-start=\"3637\" data-end=\"3695\">designu z prawdziw\u0105 histori\u0105 i kontekstem Grand Touru,<\/strong><\/p>\n<\/li>\n<li data-start=\"3696\" data-end=\"3749\">\n<p data-start=\"3698\" data-end=\"3749\"><strong data-start=\"3698\" data-end=\"3749\">limitowanej wyj\u0105tkowo\u015bci na \u015bwiatowym poziomie,<\/strong><\/p>\n<\/li>\n<li data-start=\"3750\" data-end=\"3814\">\n<p data-start=\"3752\" data-end=\"3814\"><strong data-start=\"3752\" data-end=\"3814\">po\u0142\u0105czenia w\u0142oskiego dziedzictwa z innowacyjnymi detalami.<\/strong><\/p>\n<\/li>\n<\/ul>\n<p data-start=\"3816\" data-end=\"3950\">C68 Rossa to <strong data-start=\"3829\" data-end=\"3849\">wi\u0119cej ni\u017c rower<\/strong> \u2013 to manifest pasji, stylu i zaanga\u017cowania w kolarski \u015bwiat.<\/p>\n<hr data-start=\"3952\" data-end=\"3955\" \/>\n<p><iframe title=\"Colnago C68 Rossa La Vuelta \ud83d\udd25 Limitowany 41\/90 | Dlaczego kosztuje 90 000 z\u0142?\" width=\"980\" height=\"551\" src=\"https:\/\/www.youtube.com\/embed\/isH3Z-3PyRk?feature=oembed\" frameborder=\"0\" allow=\"accelerometer; autoplay; clipboard-write; encrypted-media; gyroscope; picture-in-picture; web-share\" referrerpolicy=\"strict-origin-when-cross-origin\" allowfullscreen><\/iframe><\/p>\n<p data-start=\"4119\" data-end=\"4207\">\n","protected":false},"excerpt":{"rendered":"<h3 data-start=\"0\" data-end=\"78\"><span class=\"inline align-baseline\"><span class=\"whitespace-normal\"><span class=\"hover:entity-accent entity-underline cursor-pointer\">C68 Rosso 41\/90 Limited Edition<\/span><\/span><\/span> \u2013 w\u0142oski kunszt i wy\u015bcigowa elegancja<\/h3>\n<h3 data-start=\"80\" data-end=\"463\"><span class=\"whitespace-normal\">Colnago<\/span> stworzy\u0142o legend\u0119, kt\u00f3ra \u0142\u0105czy w sobie tradycj\u0119, pasj\u0119 i najwy\u017csz\u0105 jako\u015b\u0107 wykonania z unikalnym stylem. <strong data-start=\"222\" data-end=\"263\"><span class=\"inline align-baseline\"><span class=\"whitespace-normal\"><span class=\"hover:entity-accent entity-underline cursor-pointer\">C68 Rosso 41\/90 Limited Edition<\/span><\/span><\/span><\/strong> to wyj\u0105tkowy model z serii C68 \u2013 nie tylko maszyna do jazdy, ale prawdziwe dzie\u0142o sztuki inspirowane wy\u015bcigiem <strong data-start=\"375\" data-end=\"397\">La Vuelta a Espa\u00f1a<\/strong> i bogat\u0105 kolarsk\u0105 histori\u0105.<\/h3>\n","protected":false},"featured_media":13383,"comment_status":"open","ping_status":"closed","template":"","meta":{"inline_featured_image":false},"product_cat":[138,78],"product_tag":[],"class_list":{"0":"post-13378","1":"product","2":"type-product","3":"status-publish","4":"has-post-thumbnail","6":"product_cat-colnago","7":"product_cat-rowery","9":"first","10":"onbackorder","11":"taxable","12":"shipping-taxable","13":"purchasable","14":"product-type-simple"},"_links":{"self":[{"href":"https:\/\/cycling-boutique.com\/index.php?rest_route=\/wp\/v2\/product\/13378","targetHints":{"allow":["GET"]}}],"collection":[{"href":"https:\/\/cycling-boutique.com\/index.php?rest_route=\/wp\/v2\/product"}],"about":[{"href":"https:\/\/cycling-boutique.com\/index.php?rest_route=\/wp\/v2\/types\/product"}],"replies":[{"embeddable":true,"href":"https:\/\/cycling-boutique.com\/index.php?rest_route=%2Fwp%2Fv2%2Fcomments&post=13378"}],"wp:featuredmedia":[{"embeddable":true,"href":"https:\/\/cycling-boutique.com\/index.php?rest_route=\/wp\/v2\/media\/13383"}],"wp:attachment":[{"href":"https:\/\/cycling-boutique.com\/index.php?rest_route=%2Fwp%2Fv2%2Fmedia&parent=13378"}],"wp:term":[{"taxonomy":"product_cat","embeddable":true,"href":"https:\/\/cycling-boutique.com\/index.php?rest_route=%2Fwp%2Fv2%2Fproduct_cat&post=13378"},{"taxonomy":"product_tag","embeddable":true,"href":"https:\/\/cycling-boutique.com\/index.php?rest_route=%2Fwp%2Fv2%2Fproduct_tag&post=13378"}],"curies":[{"name":"wp","href":"https:\/\/api.w.org\/{rel}","templated":true}]}}