{"id":13501,"date":"2026-03-13T15:54:19","date_gmt":"2026-03-13T15:54:19","guid":{"rendered":"https:\/\/cycling-boutique.com\/?post_type=product&#038;p=13501"},"modified":"2026-03-13T15:57:21","modified_gmt":"2026-03-13T15:57:21","slug":"rama-colnago-v5rs-stnt","status":"publish","type":"product","link":"https:\/\/cycling-boutique.com\/?product=rama-colnago-v5rs-stnt","title":{"rendered":"Rama Colnago V5Rs STNT"},"content":{"rendered":"<p><strong><\/strong><\/p>\n<h1 data-start=\"153\" data-end=\"201\">Colnago V5Rs<\/h1>\n<h3 data-start=\"202\" data-end=\"266\">Perfekcja pr\u0119dko\u015bci. Stworzony, by wygrywa\u0107. Jeszcze wi\u0119cej.<\/h3>\n<p data-start=\"268\" data-end=\"573\">Colnago V5Rs to kwintesencja wy\u015bcigowego DNA w\u0142oskiej legendy. Najnowsza ewolucja serii V powsta\u0142a z jednym celem \u2013 dominowa\u0107. To maszyna WorldTour, rozwijana i testowana na najwy\u017cszym poziomie rywalizacji przez Tadeja Poga\u010dara i jego zesp\u00f3\u0142. L\u017cejsza. Bardziej aerodynamiczna. Jeszcze bardziej precyzyjna.<\/p>\n<p data-start=\"575\" data-end=\"611\">To rower, kt\u00f3ry nie zna kompromis\u00f3w.<\/p>\n<h2 data-start=\"618\" data-end=\"650\">Najl\u017cejszy Colnago w historii<\/h2>\n<p data-start=\"652\" data-end=\"894\">Rama o wadze zaledwie <strong data-start=\"674\" data-end=\"715\">685 g (w wersji surowej do malowania)<\/strong> czyni V5Rs najl\u017cejszym modelem, jaki kiedykolwiek opu\u015bci\u0142 fabryk\u0119 Colnago. To a\u017c <strong data-start=\"797\" data-end=\"841\">12,5% redukcji masy wzgl\u0119dem poprzednika<\/strong> \u2013 bez najmniejszego kompromisu w kwestii sztywno\u015bci.<\/p>\n<p data-start=\"896\" data-end=\"995\">Efekt? Natychmiastowa reakcja na ka\u017cde przyspieszenie i bezkonkurencyjna efektywno\u015b\u0107 na podjazdach.<\/p>\n<h2 data-start=\"1002\" data-end=\"1033\">Aerodynamika nowej generacji<\/h2>\n<p data-start=\"1035\" data-end=\"1261\">Do\u015bwiadczenia zdobyte przy projektowaniu modelu Y1Rs pozwoli\u0142y stworzy\u0107 jeszcze bardziej dopracowane profile rur. Smuklejsze kszta\u0142ty i <strong data-start=\"1171\" data-end=\"1225\">zmniejszona powierzchnia czo\u0142owa do 250 cm\u00b2 (\u221213%)<\/strong> realnie ograniczaj\u0105 op\u00f3r powietrza.<\/p>\n<p data-start=\"1263\" data-end=\"1425\">Wyniki z tunelu aerodynamicznego potwierdzaj\u0105: V5Rs dor\u00f3wnuje najlepszym konstrukcjom aero na rynku, zachowuj\u0105c przy tym wszechstronny charakter roweru all-round.<\/p>\n<p data-start=\"1427\" data-end=\"1450\">Ka\u017cdy wat ma znaczenie.<\/p>\n<h2 data-start=\"1457\" data-end=\"1492\">Sztywno\u015b\u0107, kt\u00f3ra wygrywa sprinty<\/h2>\n<p data-start=\"1494\" data-end=\"1664\">Lekko\u015b\u0107 i aerodynamika nie oznaczaj\u0105 kompromis\u00f3w w przeniesieniu mocy. V5Rs oferuje <strong data-start=\"1578\" data-end=\"1612\">prawdziw\u0105 sztywno\u015b\u0107 dynamiczn\u0105<\/strong>, odpowiadaj\u0105c\u0105 wymaganiom profesjonalnego peletonu.<\/p>\n<p data-start=\"1666\" data-end=\"1762\">Moc trafia bezpo\u015brednio na asfalt.<br data-start=\"1700\" data-end=\"1703\" \/>Reakcja jest natychmiastowa.<br data-start=\"1731\" data-end=\"1734\" \/>Przyspieszenie \u2013 bezlitosne.<\/p>\n<h2 data-start=\"1769\" data-end=\"1815\">Precyzja prowadzenia na najwy\u017cszym poziomie<\/h2>\n<p data-start=\"1817\" data-end=\"2006\">Nowy, l\u017cejszy widelec zapewnia jeszcze lepsz\u0105 kontrol\u0119 w zakr\u0119tach i przy wysokich pr\u0119dko\u015bciach. Zwi\u0119kszony <strong data-start=\"1925\" data-end=\"1946\">prze\u015bwit do 32 mm<\/strong> umo\u017cliwia zastosowanie szerszych opon, co przek\u0142ada si\u0119 na:<\/p>\n<ul data-start=\"2008\" data-end=\"2136\">\n<li data-start=\"2008\" data-end=\"2032\">\n<p data-start=\"2010\" data-end=\"2032\">wi\u0119ksz\u0105 przyczepno\u015b\u0107<\/p>\n<\/li>\n<li data-start=\"2033\" data-end=\"2051\">\n<p data-start=\"2035\" data-end=\"2051\">wy\u017cszy komfort<\/p>\n<\/li>\n<li data-start=\"2052\" data-end=\"2096\">\n<p data-start=\"2054\" data-end=\"2096\">lepsz\u0105 kontrol\u0119 na nier\u00f3wnej nawierzchni<\/p>\n<\/li>\n<li data-start=\"2097\" data-end=\"2136\">\n<p data-start=\"2099\" data-end=\"2136\">realn\u0105 pr\u0119dko\u015b\u0107 w ka\u017cdych warunkach<\/p>\n<\/li>\n<\/ul>\n<p data-start=\"2138\" data-end=\"2201\">To wy\u015bcigowa precyzja po\u0142\u0105czona z nowoczesn\u0105 wszechstronno\u015bci\u0105.<\/p>\n<h2 data-start=\"2208\" data-end=\"2235\">Absolutna jako\u015b\u0107 karbonu<\/h2>\n<p data-start=\"2237\" data-end=\"2359\">Zaawansowane techniki laminowania oraz precyzyjnie kontrolowany uk\u0142ad w\u0142\u00f3kien w\u0119glowych w ka\u017cdym obszarze ramy gwarantuj\u0105:<\/p>\n<ul data-start=\"2361\" data-end=\"2477\">\n<li data-start=\"2361\" data-end=\"2388\">\n<p data-start=\"2363\" data-end=\"2388\">maksymaln\u0105 wytrzyma\u0142o\u015b\u0107<\/p>\n<\/li>\n<li data-start=\"2389\" data-end=\"2412\">\n<p data-start=\"2391\" data-end=\"2412\">optymaln\u0105 sztywno\u015b\u0107<\/p>\n<\/li>\n<li data-start=\"2413\" data-end=\"2431\">\n<p data-start=\"2415\" data-end=\"2431\">minimaln\u0105 mas\u0119<\/p>\n<\/li>\n<li data-start=\"2432\" data-end=\"2477\">\n<p data-start=\"2434\" data-end=\"2477\">trwa\u0142o\u015b\u0107 na lata intensywnego u\u017cytkowania<\/p>\n<\/li>\n<\/ul>\n<p data-start=\"2479\" data-end=\"2523\">To karbon w najczystszej, wy\u015bcigowej formie.<\/p>\n<h2 data-start=\"107\" data-end=\"137\">Co znajduje si\u0119 w zestawie?<\/h2>\n<p data-start=\"139\" data-end=\"225\">Kupuj\u0105c Colnago V5Rs otrzymujesz kompletny zestaw bazowy najwy\u017cszej klasy, obejmuj\u0105cy:<\/p>\n<ul data-start=\"227\" data-end=\"410\">\n<li data-start=\"227\" data-end=\"283\">\n<p data-start=\"229\" data-end=\"283\"><strong data-start=\"229\" data-end=\"250\">Rama Colnago V5Rs<\/strong> z w\u0142\u00f3kna w\u0119glowego (monocoque)<\/p>\n<\/li>\n<li data-start=\"284\" data-end=\"338\">\n<p data-start=\"286\" data-end=\"338\"><strong data-start=\"286\" data-end=\"307\">Widelec karbonowy<\/strong> z pe\u0142n\u0105 integracj\u0105 przewod\u00f3w<\/p>\n<\/li>\n<li data-start=\"339\" data-end=\"352\">\n<p data-start=\"341\" data-end=\"352\"><strong data-start=\"341\" data-end=\"350\">Stery<\/strong><\/p>\n<\/li>\n<li data-start=\"353\" data-end=\"387\">\n<p data-start=\"355\" data-end=\"387\"><strong data-start=\"355\" data-end=\"385\">Sztyca podsiod\u0142owa D-Shape<\/strong><\/p>\n<\/li>\n<li data-start=\"388\" data-end=\"410\">\n<p data-start=\"390\" data-end=\"410\"><strong data-start=\"390\" data-end=\"408\">Osi przelotowe<\/strong><\/p>\n<\/li>\n<\/ul>\n<p data-start=\"412\" data-end=\"502\">To fundament wy\u015bcigowej maszyny klasy WorldTour \u2013 gotowy do budowy roweru bez kompromis\u00f3w.<\/p>\n<h2 data-start=\"3011\" data-end=\"3033\">Dla kogo jest V5Rs?<\/h2>\n<p data-start=\"3035\" data-end=\"3155\">Dla kolarzy, kt\u00f3rzy chc\u0105 wszystkiego:<br data-start=\"3072\" data-end=\"3075\" \/>lekko\u015bci w g\u00f3rach, aerodynamiki na p\u0142askim i precyzji w technicznych zjazdach.<\/p>\n<p data-start=\"3157\" data-end=\"3211\">Dla tych, kt\u00f3rzy nie kupuj\u0105 roweru.<br data-start=\"3192\" data-end=\"3195\" \/>Kupuj\u0105 przewag\u0119.<\/p>\n","protected":false},"excerpt":{"rendered":"<p>Perfekcja pr\u0119dko\u015bci. Stworzony, by wygrywa\u0107. Jeszcze wi\u0119cej.<\/p>\n<p data-start=\"268\" data-end=\"573\">Colnago V5Rs to kwintesencja wy\u015bcigowego DNA w\u0142oskiej legendy. Najnowsza ewolucja serii V powsta\u0142a z jednym celem \u2013 dominowa\u0107. To maszyna WorldTour, rozwijana i testowana na najwy\u017cszym poziomie rywalizacji przez Tadeja Poga\u010dara i jego zesp\u00f3\u0142. L\u017cejsza. Bardziej aerodynamiczna. Jeszcze bardziej precyzyjna.<\/p>\n<p data-start=\"575\" data-end=\"611\">To rower, kt\u00f3ry nie zna kompromis\u00f3w.<\/p>\n","protected":false},"featured_media":13478,"comment_status":"open","ping_status":"closed","template":"","meta":{"inline_featured_image":false},"product_cat":[138,80,86,78],"product_tag":[],"class_list":{"0":"post-13501","1":"product","2":"type-product","3":"status-publish","4":"has-post-thumbnail","6":"product_cat-colnago","7":"product_cat-czesci","8":"product_cat-ramy","9":"product_cat-rowery","11":"first","12":"onbackorder","13":"taxable","14":"shipping-taxable","15":"purchasable","16":"product-type-variable"},"_links":{"self":[{"href":"https:\/\/cycling-boutique.com\/index.php?rest_route=\/wp\/v2\/product\/13501","targetHints":{"allow":["GET"]}}],"collection":[{"href":"https:\/\/cycling-boutique.com\/index.php?rest_route=\/wp\/v2\/product"}],"about":[{"href":"https:\/\/cycling-boutique.com\/index.php?rest_route=\/wp\/v2\/types\/product"}],"replies":[{"embeddable":true,"href":"https:\/\/cycling-boutique.com\/index.php?rest_route=%2Fwp%2Fv2%2Fcomments&post=13501"}],"wp:featuredmedia":[{"embeddable":true,"href":"https:\/\/cycling-boutique.com\/index.php?rest_route=\/wp\/v2\/media\/13478"}],"wp:attachment":[{"href":"https:\/\/cycling-boutique.com\/index.php?rest_route=%2Fwp%2Fv2%2Fmedia&parent=13501"}],"wp:term":[{"taxonomy":"product_cat","embeddable":true,"href":"https:\/\/cycling-boutique.com\/index.php?rest_route=%2Fwp%2Fv2%2Fproduct_cat&post=13501"},{"taxonomy":"product_tag","embeddable":true,"href":"https:\/\/cycling-boutique.com\/index.php?rest_route=%2Fwp%2Fv2%2Fproduct_tag&post=13501"}],"curies":[{"name":"wp","href":"https:\/\/api.w.org\/{rel}","templated":true}]}}