{"id":13625,"date":"2026-03-24T11:09:32","date_gmt":"2026-03-24T11:09:32","guid":{"rendered":"https:\/\/cycling-boutique.com\/?post_type=product&#038;p=13625"},"modified":"2026-03-24T11:10:13","modified_gmt":"2026-03-24T11:10:13","slug":"seka-spear-rdc-demo-roz-m-2","status":"publish","type":"product","link":"https:\/\/cycling-boutique.com\/?product=seka-spear-rdc-demo-roz-m-2","title":{"rendered":"SEKA SPEAR RDC DEMO roz. M"},"content":{"rendered":"<h3 data-section-id=\"1f93010\" data-start=\"50\" data-end=\"100\">SEKA Spear RDC \u2013 rower demo<\/h3>\n<p data-start=\"102\" data-end=\"369\">Poznaj wyj\u0105tkowy rower aero nowej generacji \u2013 <strong data-start=\"148\" data-end=\"166\">SEKA Spear RDC<\/strong>, stworzony z my\u015bl\u0105 o maksymalnej pr\u0119dko\u015bci, sztywno\u015bci i perfekcyjnej aerodynamice. To maszyna, kt\u00f3ra \u0142\u0105czy najnowsze technologie karbonowe z wy\u015bcigowym DNA \u2013 wyb\u00f3r dla najbardziej wymagaj\u0105cych kolarzy.<\/p>\n<p data-start=\"371\" data-end=\"472\">Oferowany egzemplarz to <strong data-start=\"395\" data-end=\"434\">rower demo z przebiegiem ok. 700 km<\/strong>, w stanie bardzo zbli\u017conym do nowego.<\/p>\n<hr data-start=\"474\" data-end=\"477\" \/>\n<h3 data-section-id=\"37f5ah\" data-start=\"479\" data-end=\"524\">\ud83d\udd2c Rama \u2013 technologia, kt\u00f3ra robi r\u00f3\u017cnic\u0119<\/h3>\n<p data-start=\"525\" data-end=\"643\">Model <strong data-start=\"531\" data-end=\"549\">SEKA Spear RDC<\/strong> to zaawansowana rama aero wykonana z wysokiej klasy w\u0142\u00f3kna w\u0119glowego, projektowana pod k\u0105tem:<\/p>\n<ul data-start=\"644\" data-end=\"753\">\n<li data-section-id=\"b1bv93\" data-start=\"644\" data-end=\"677\">\n<p data-start=\"646\" data-end=\"677\">minimalizacji oporu powietrza<\/p>\n<\/li>\n<li data-section-id=\"2e3ywv\" data-start=\"678\" data-end=\"718\">\n<p data-start=\"680\" data-end=\"718\">maksymalnej sztywno\u015bci przy sprincie<\/p>\n<\/li>\n<li data-section-id=\"14zh0f6\" data-start=\"719\" data-end=\"753\">\n<p data-start=\"721\" data-end=\"753\">efektywnego przeniesienia mocy<\/p>\n<\/li>\n<\/ul>\n<p data-start=\"755\" data-end=\"927\">RDC (Race Design Concept) oznacza bezkompromisowe podej\u015bcie do wy\u015bcigowej geometrii \u2013 agresywna pozycja, pe\u0142na integracja i pr\u0119dko\u015b\u0107, kt\u00f3r\u0105 czu\u0107 od pierwszego obrotu korb\u0105.<\/p>\n<hr data-start=\"929\" data-end=\"932\" \/>\n<h3 data-section-id=\"1obs4sx\" data-start=\"934\" data-end=\"970\">\u2699\ufe0f Specyfikacja \u2013 topowy osprz\u0119t<\/h3>\n<p data-start=\"971\" data-end=\"1037\">Ten egzemplarz zosta\u0142 zbudowany na absolutnie najwy\u017cszym poziomie:<\/p>\n<ul data-start=\"1039\" data-end=\"1455\">\n<li data-section-id=\"1q2v1ip\" data-start=\"1039\" data-end=\"1130\">\n<p data-start=\"1041\" data-end=\"1130\">Nap\u0119d: <strong data-start=\"1048\" data-end=\"1078\">Shimano Dura-Ace R9200 Di2<\/strong> \u2013 elektroniczna precyzja i wy\u015bcigowa niezawodno\u015b\u0107<\/p>\n<\/li>\n<li data-section-id=\"1u30k5c\" data-start=\"1131\" data-end=\"1211\">\n<p data-start=\"1133\" data-end=\"1211\">Pomiar mocy: <strong data-start=\"1146\" data-end=\"1171\">Dura-Ace \u2013 obustronny<\/strong> (dok\u0142adno\u015b\u0107 i pe\u0142na analiza treningu)<\/p>\n<\/li>\n<li data-section-id=\"1g17okv\" data-start=\"1212\" data-end=\"1295\">\n<p data-start=\"1214\" data-end=\"1295\">Ko\u0142a: <strong data-start=\"1220\" data-end=\"1239\">No6 Works 50\/58<\/strong> \u2013 ultra lekkie (zaledwie 1230 g!), szybkie i stabilne<\/p>\n<\/li>\n<li data-section-id=\"1fcsdbc\" data-start=\"1296\" data-end=\"1372\">\n<p data-start=\"1298\" data-end=\"1372\">Kokpit: zintegrowany <strong data-start=\"1319\" data-end=\"1329\">36&#215;110<\/strong> \u2013 pe\u0142na aerodynamika i nowoczesny wygl\u0105d<\/p>\n<\/li>\n<li data-section-id=\"qz8s3j\" data-start=\"1373\" data-end=\"1455\">\n<p data-start=\"1375\" data-end=\"1455\">Siode\u0142ko: <strong data-start=\"1385\" data-end=\"1408\">Selle Italia SLR 3D<\/strong> \u2013 komfort i innowacyjna technologia druku 3D<\/p>\n<\/li>\n<\/ul>\n<hr data-start=\"1457\" data-end=\"1460\" \/>\n<h3 data-section-id=\"vc0yf\" data-start=\"1462\" data-end=\"1503\">\u2728 Dodatki premium od Cycling Boutique<\/h3>\n<p data-start=\"1504\" data-end=\"1649\">Oczywi\u015bcie nie mog\u0142o zabrakn\u0105\u0107 wyj\u0105tkowych komponent\u00f3w od <strong data-start=\"1562\" data-end=\"1603\"><span class=\"hover:entity-accent entity-underline inline cursor-pointer align-baseline\"><span class=\"whitespace-normal\">Cycling Boutique<\/span><\/span><\/strong>, kt\u00f3re podnosz\u0105 osi\u0105gi i presti\u017c tego roweru:<\/p>\n<ul data-start=\"1651\" data-end=\"1971\">\n<li data-section-id=\"1vgpvae\" data-start=\"1651\" data-end=\"1731\">\n<p data-start=\"1653\" data-end=\"1731\">Z\u0119batki korby: <strong data-start=\"1668\" data-end=\"1687\">Carbon-Ti 50&#215;34<\/strong> \u2013 ultralekkie, sztywne i niezwykle trwa\u0142e<\/p>\n<\/li>\n<li data-section-id=\"1j1tqw3\" data-start=\"1732\" data-end=\"1834\">\n<p data-start=\"1734\" data-end=\"1834\">W\u00f3zek przerzutki: <strong data-start=\"1752\" data-end=\"1782\">CeramicSpeed OSPW Alpha RS<\/strong> \u2013 maksymalna efektywno\u015b\u0107 nap\u0119du i redukcja tarcia<\/p>\n<\/li>\n<li data-section-id=\"6k4331\" data-start=\"1835\" data-end=\"1900\">\n<p data-start=\"1837\" data-end=\"1900\">Tytanowy hak przerzutki Direct Mount \u2013 lekko\u015b\u0107 i wytrzyma\u0142o\u015b\u0107<\/p>\n<\/li>\n<li data-section-id=\"1uc4t4e\" data-start=\"1901\" data-end=\"1971\">\n<p data-start=\"1903\" data-end=\"1971\">Tytanowy uchwyt na licznik \u2013 dopracowany detal dla perfekcjonist\u00f3w<\/p>\n<\/li>\n<\/ul>\n<hr data-start=\"1973\" data-end=\"1976\" \/>\n<h3 data-section-id=\"3dvcri\" data-start=\"1978\" data-end=\"2004\">\ud83d\udccf Kluczowe informacje<\/h3>\n<ul data-start=\"2005\" data-end=\"2133\">\n<li data-section-id=\"twvh8v\" data-start=\"2005\" data-end=\"2023\">\n<p data-start=\"2007\" data-end=\"2023\">Rozmiar: <strong data-start=\"2016\" data-end=\"2021\">M<\/strong><\/p>\n<\/li>\n<li data-section-id=\"1i4dhcd\" data-start=\"2024\" data-end=\"2065\">\n<p data-start=\"2026\" data-end=\"2065\">Waga: <strong data-start=\"2032\" data-end=\"2063\">tylko 6,7 kg (bez peda\u0142\u00f3w!)<\/strong><\/p>\n<\/li>\n<li data-section-id=\"4mvrtp\" data-start=\"2066\" data-end=\"2094\">\n<p data-start=\"2068\" data-end=\"2094\">Przebieg: ok. <strong data-start=\"2082\" data-end=\"2092\">700 km<\/strong><\/p>\n<\/li>\n<li data-section-id=\"bu408q\" data-start=\"2095\" data-end=\"2133\">\n<p data-start=\"2097\" data-end=\"2133\">Stan: <strong data-start=\"2103\" data-end=\"2133\">demo \u2013 bardzo ma\u0142o u\u017cywany<\/strong><\/p>\n<\/li>\n<\/ul>\n<hr data-start=\"2135\" data-end=\"2138\" \/>\n<h3 data-section-id=\"1896hhi\" data-start=\"2140\" data-end=\"2162\">\ud83d\ude80 Dlaczego warto?<\/h3>\n<p data-start=\"2163\" data-end=\"2207\">To nie jest zwyk\u0142y rower \u2013 to sprz\u0119t, kt\u00f3ry:<\/p>\n<ul data-start=\"2208\" data-end=\"2444\">\n<li data-section-id=\"14gxz6j\" data-start=\"2208\" data-end=\"2247\">\n<p data-start=\"2210\" data-end=\"2247\">daje realn\u0105 przewag\u0119 aerodynamiczn\u0105<\/p>\n<\/li>\n<li data-section-id=\"q4ribp\" data-start=\"2248\" data-end=\"2290\">\n<p data-start=\"2250\" data-end=\"2290\">oferuje topowy osprz\u0119t bez kompromis\u00f3w<\/p>\n<\/li>\n<li data-section-id=\"1b94x0l\" data-start=\"2291\" data-end=\"2339\">\n<p data-start=\"2293\" data-end=\"2339\">zosta\u0142 doposa\u017cony w komponenty klasy premium<\/p>\n<\/li>\n<li data-section-id=\"vjk1q5\" data-start=\"2340\" data-end=\"2384\">\n<p data-start=\"2342\" data-end=\"2384\">wa\u017cy tyle, co rasowe konstrukcje g\u00f3rskie<\/p>\n<\/li>\n<li data-section-id=\"7bwfi7\" data-start=\"2385\" data-end=\"2444\">\n<p data-start=\"2387\" data-end=\"2444\">przyci\u0105ga wzrok i wyr\u00f3\u017cnia si\u0119 na tle popularnych marek<\/p>\n<\/li>\n<\/ul>\n<p data-start=\"2446\" data-end=\"2564\">Idealny wyb\u00f3r dla zawodnik\u00f3w, ambitnych amator\u00f3w i wszystkich, kt\u00f3rzy chc\u0105 je\u017adzi\u0107 szybciej, dalej i bardziej stylowo.<\/p>\n<p data-start=\"2759\" data-end=\"2823\" data-is-last-node=\"\" data-is-only-node=\"\">\n","protected":false},"excerpt":{"rendered":"<p>SEKA Spear RDC \u2013 rower demo<\/p>\n<p data-start=\"102\" data-end=\"369\">Poznaj wyj\u0105tkowy rower aero nowej generacji \u2013 <strong data-start=\"148\" data-end=\"166\">SEKA Spear RDC<\/strong>, stworzony z my\u015bl\u0105 o maksymalnej pr\u0119dko\u015bci, sztywno\u015bci i perfekcyjnej aerodynamice. To maszyna, kt\u00f3ra \u0142\u0105czy najnowsze technologie karbonowe z wy\u015bcigowym DNA \u2013 wyb\u00f3r dla najbardziej wymagaj\u0105cych kolarzy.<\/p>\n","protected":false},"featured_media":13581,"comment_status":"open","ping_status":"closed","template":"","meta":{"inline_featured_image":false},"product_cat":[78,139,143],"product_tag":[],"class_list":{"0":"post-13625","1":"product","2":"type-product","3":"status-publish","4":"has-post-thumbnail","6":"product_cat-rowery","7":"product_cat-seka","8":"product_cat-demo","10":"first","11":"instock","12":"taxable","13":"shipping-taxable","14":"purchasable","15":"product-type-simple"},"_links":{"self":[{"href":"https:\/\/cycling-boutique.com\/index.php?rest_route=\/wp\/v2\/product\/13625","targetHints":{"allow":["GET"]}}],"collection":[{"href":"https:\/\/cycling-boutique.com\/index.php?rest_route=\/wp\/v2\/product"}],"about":[{"href":"https:\/\/cycling-boutique.com\/index.php?rest_route=\/wp\/v2\/types\/product"}],"replies":[{"embeddable":true,"href":"https:\/\/cycling-boutique.com\/index.php?rest_route=%2Fwp%2Fv2%2Fcomments&post=13625"}],"wp:featuredmedia":[{"embeddable":true,"href":"https:\/\/cycling-boutique.com\/index.php?rest_route=\/wp\/v2\/media\/13581"}],"wp:attachment":[{"href":"https:\/\/cycling-boutique.com\/index.php?rest_route=%2Fwp%2Fv2%2Fmedia&parent=13625"}],"wp:term":[{"taxonomy":"product_cat","embeddable":true,"href":"https:\/\/cycling-boutique.com\/index.php?rest_route=%2Fwp%2Fv2%2Fproduct_cat&post=13625"},{"taxonomy":"product_tag","embeddable":true,"href":"https:\/\/cycling-boutique.com\/index.php?rest_route=%2Fwp%2Fv2%2Fproduct_tag&post=13625"}],"curies":[{"name":"wp","href":"https:\/\/api.w.org\/{rel}","templated":true}]}}