{"id":13734,"date":"2026-03-27T12:42:48","date_gmt":"2026-03-27T12:42:48","guid":{"rendered":"https:\/\/cycling-boutique.com\/?post_type=product&#038;p=13734"},"modified":"2026-03-27T12:43:42","modified_gmt":"2026-03-27T12:43:42","slug":"q36-5-aero-socks-aerodynamiczne-skarpety-kolarskie-nowej-generacji","status":"publish","type":"product","link":"https:\/\/cycling-boutique.com\/?product=q36-5-aero-socks-aerodynamiczne-skarpety-kolarskie-nowej-generacji","title":{"rendered":"Q36.5 Aero Socks \u2013 aerodynamiczne skarpety kolarskie nowej generacji &#8211; FADE WHITE"},"content":{"rendered":"<h3 data-section-id=\"1ps03ie\" data-start=\"41\" data-end=\"113\">Q36.5 Aero Socks \u2013 aerodynamiczne skarpety kolarskie nowej generacji<\/h3>\n<p data-start=\"115\" data-end=\"416\">Skarpety <strong data-start=\"124\" data-end=\"144\">Q36.5 Aero Socks<\/strong> to zaawansowany element kolarskiego wyposa\u017cenia, zaprojektowany z my\u015bl\u0105 o maksymalnej wydajno\u015bci aerodynamicznej i komforcie podczas jazdy. Testowane i udoskonalane w sezonach 2024 i 2025, stanowi\u0105 idealne rozwi\u0105zanie dla kolarzy d\u0105\u017c\u0105cych do optymalizacji ka\u017cdego detalu.<\/p>\n<p data-start=\"418\" data-end=\"620\">Dzi\u0119ki zastosowaniu nowoczesnych materia\u0142\u00f3w oraz precyzyjnej konstrukcji, skarpety oferuj\u0105 doskona\u0142e dopasowanie, popraw\u0119 kr\u0105\u017cenia oraz redukcj\u0119 oporu powietrza \u2013 kluczowe elementy wp\u0142ywaj\u0105ce na osi\u0105gi.<\/p>\n<h4 data-start=\"622\" data-end=\"653\">Najwa\u017cniejsze technologie:<\/h4>\n<p data-start=\"655\" data-end=\"868\"><strong data-start=\"655\" data-end=\"683\">Aerodynamic Ribbed Upper<\/strong><br data-start=\"683\" data-end=\"686\" \/>Cholewka wykonana z pr\u0105\u017ckowanego materia\u0142u zosta\u0142a zaprojektowana w celu minimalizacji oporu powietrza. Struktura wspiera r\u00f3wnie\u017c kr\u0105\u017cenie krwi, zwi\u0119kszaj\u0105c efektywno\u015b\u0107 pracy mi\u0119\u015bni.<\/p>\n<p data-start=\"870\" data-end=\"1071\"><strong data-start=\"870\" data-end=\"895\">Zero-Crease Interface<\/strong><br data-start=\"895\" data-end=\"898\" \/>Dolna cz\u0119\u015b\u0107 skarpety wykonana z mieszanki poliamidu i elastanu zapewnia idealne dopasowanie bez zagniece\u0144, eliminuj\u0105c punkty nacisku i poprawiaj\u0105c komfort w bucie kolarskim.<\/p>\n<p data-start=\"1073\" data-end=\"1233\"><strong data-start=\"1073\" data-end=\"1103\">Advanced Yarn Construction<\/strong><br data-start=\"1103\" data-end=\"1106\" \/>Specjalnie dobrana prz\u0119dza gwarantuje trwa\u0142o\u015b\u0107, elastyczno\u015b\u0107 oraz odpowiedni\u0105 wentylacj\u0119, nawet podczas intensywnych trening\u00f3w.<\/p>\n<h4 data-start=\"1235\" data-end=\"1255\">Dlaczego warto?<\/h4>\n<ul data-start=\"1257\" data-end=\"1442\">\n<li data-section-id=\"1gia79x\" data-start=\"1257\" data-end=\"1291\">poprawa aerodynamiki i osi\u0105g\u00f3w<\/li>\n<li data-section-id=\"1wlfkdg\" data-start=\"1292\" data-end=\"1318\">wsparcie kr\u0105\u017cenia krwi<\/li>\n<li data-section-id=\"42i4qd\" data-start=\"1319\" data-end=\"1356\">idealne dopasowanie bez zagniece\u0144<\/li>\n<li data-section-id=\"1o25ahw\" data-start=\"1357\" data-end=\"1402\">wysoki komfort nawet podczas d\u0142ugich jazd<\/li>\n<li data-section-id=\"10qdwtm\" data-start=\"1403\" data-end=\"1442\">dopracowane w warunkach wy\u015bcigowych<\/li>\n<\/ul>\n<p data-start=\"1444\" data-end=\"1589\"><strong data-start=\"1444\" data-end=\"1464\">Q36.5 Aero Socks<\/strong> to niewielki detal, kt\u00f3ry robi du\u017c\u0105 r\u00f3\u017cnic\u0119 \u2013 idealny wyb\u00f3r dla kolarzy, kt\u00f3rzy chc\u0105 maksymalnie wykorzysta\u0107 sw\u00f3j potencja\u0142.<\/p>\n","protected":false},"excerpt":{"rendered":"<h3 data-section-id=\"1ps03ie\" data-start=\"41\" data-end=\"113\">Q36.5 Aero Socks \u2013 aerodynamiczne skarpety kolarskie nowej generacji<\/h3>\n<p data-start=\"115\" data-end=\"416\">Skarpety <strong data-start=\"124\" data-end=\"144\">Q36.5 Aero Socks<\/strong> to zaawansowany element kolarskiego wyposa\u017cenia, zaprojektowany z my\u015bl\u0105 o maksymalnej wydajno\u015bci aerodynamicznej i komforcie podczas jazdy. Testowane i udoskonalane w sezonach 2024 i 2025, stanowi\u0105 idealne rozwi\u0105zanie dla kolarzy d\u0105\u017c\u0105cych do optymalizacji ka\u017cdego detalu.<\/p>\n<h3 data-start=\"418\" data-end=\"620\">Dzi\u0119ki zastosowaniu nowoczesnych materia\u0142\u00f3w oraz precyzyjnej konstrukcji, skarpety oferuj\u0105 doskona\u0142e dopasowanie, popraw\u0119 kr\u0105\u017cenia oraz redukcj\u0119 oporu powietrza \u2013 kluczowe elementy wp\u0142ywaj\u0105ce na osi\u0105gi.<\/h3>\n","protected":false},"featured_media":13735,"comment_status":"open","ping_status":"closed","template":"","meta":{"inline_featured_image":false},"product_cat":[199,202],"product_tag":[],"class_list":{"0":"post-13734","1":"product","2":"type-product","3":"status-publish","4":"has-post-thumbnail","6":"product_cat-q36-5","7":"product_cat-skarpetki","9":"first","10":"instock","11":"taxable","12":"shipping-taxable","13":"purchasable","14":"product-type-variable"},"_links":{"self":[{"href":"https:\/\/cycling-boutique.com\/index.php?rest_route=\/wp\/v2\/product\/13734","targetHints":{"allow":["GET"]}}],"collection":[{"href":"https:\/\/cycling-boutique.com\/index.php?rest_route=\/wp\/v2\/product"}],"about":[{"href":"https:\/\/cycling-boutique.com\/index.php?rest_route=\/wp\/v2\/types\/product"}],"replies":[{"embeddable":true,"href":"https:\/\/cycling-boutique.com\/index.php?rest_route=%2Fwp%2Fv2%2Fcomments&post=13734"}],"wp:featuredmedia":[{"embeddable":true,"href":"https:\/\/cycling-boutique.com\/index.php?rest_route=\/wp\/v2\/media\/13735"}],"wp:attachment":[{"href":"https:\/\/cycling-boutique.com\/index.php?rest_route=%2Fwp%2Fv2%2Fmedia&parent=13734"}],"wp:term":[{"taxonomy":"product_cat","embeddable":true,"href":"https:\/\/cycling-boutique.com\/index.php?rest_route=%2Fwp%2Fv2%2Fproduct_cat&post=13734"},{"taxonomy":"product_tag","embeddable":true,"href":"https:\/\/cycling-boutique.com\/index.php?rest_route=%2Fwp%2Fv2%2Fproduct_tag&post=13734"}],"curies":[{"name":"wp","href":"https:\/\/api.w.org\/{rel}","templated":true}]}}